{"id":6012,"date":"2015-10-01T11:58:05","date_gmt":"2015-10-01T09:58:05","guid":{"rendered":"https:\/\/cuciroma.com\/prodotto\/brother-innov-is-10a-2\/"},"modified":"2024-05-24T09:55:46","modified_gmt":"2024-05-24T07:55:46","slug":"brother-innov-is-10a","status":"publish","type":"product","link":"https:\/\/cuciroma.com\/en\/prodotto\/brother-innov-is-10a\/","title":{"rendered":"Brother Innov-is 10A"},"content":{"rendered":"<p><a href=\"https:\/\/cuciroma.com\/wp-content\/uploads\/2017\/09\/telefono-rosso1.jpg\"><img loading=\"lazy\" decoding=\"async\" class=\" size-full wp-image-13539 aligncenter\" src=\"https:\/\/cuciroma.com\/wp-content\/uploads\/2017\/09\/telefono-rosso1.jpg\" alt=\"telefono rosso\" width=\"131\" height=\"138\" \/><\/a><br \/>\nMacchina per cucire elettronica. Realizzata in esclusiva per il 50\u00b0 anniversario di Brother in Europa. 16 punti a tua disposizione e una grande fluidit\u00e0 nel trasporto di ogni tipo di lavoro. 3 tipi di asola realizzabili in un solo tempo da adattare ai diversi tessuti e capi ai quali sono destinate. La Innov-is 10 \u00e8 una macchina molto semplice da usare, soprattutto adatta alle principianti in quanto la regolazione del punto \u00e8 totalmente automatica e riscontrabile attraverso il display LCD che si rivela prezioso per visualizzare le informazioni dell\u2019ampiezza e della lunghezza del punto la cui selezione avviene attraverso la manopola \u201cjog dial\u201d posta sul frontalino della macchina. Cuce su tutti i tipi di tessuto: jeans, maglina, cotone ed \u00e8 dotata di tutti gli accorgimenti necessari per un lavoro facile e di precisione. Grazie all\u2019infilatura facilitata la macchina \u00e8 in grado in pochi secondi di essere pronta per cucire senza pi\u00f9 perdite di tempo nella ricerca affannosa degli occhiali. La velocit\u00e0 pu\u00f2 essere regolata attraverso un cursore che facilita anche i lavori pi\u00f9 ostici al fine di renderli accurati e precisi. L\u2019illuminazione LED dona una luce nitida e rende pi\u00f9 semplice il lavoro soprattutto sui tessuti scuri. La griffa di trasporto pu\u00f2 essere abbassata facilmente per adattarsi alle tue esigenze ed inoltre la macchina ha la possibilit\u00e0 di essere usata con o senza pedale elettrico. Il sistema F.A.S.T. rende inoltre semplicissimo inserire la bobina mentre il bottone di livellamento piedino assicura una pressione costante a seconda dello spessore dei vari tessuti.<\/p>\n<p><strong><span style=\"color: #800000;\">Caratteristiche Tecniche:<\/span><\/strong><\/p>\n<p><strong>&#8211; 16 punti<\/strong><br \/>\n<strong>&#8211; Display LCD<\/strong><br \/>\n<strong>&#8211; Infilatore automatico dell\u2019ago<\/strong><br \/>\n<strong>&#8211; Griffa di trasporto a 7 ranghi<\/strong><br \/>\n<strong>&#8211; Illuminazione LED<\/strong><br \/>\n<strong>&#8211; Creazione automatica dell\u2019asola in un\u2019unica fase (3 tipi)<\/strong><br \/>\n<strong>&#8211; Sistema rapido di avvolgimento della bobina<\/strong><br \/>\n<strong>&#8211; Bottone di livellamento del piedino<\/strong><br \/>\n<strong>&#8211; Selettore velocit\u00e0 cucitura<\/strong><\/p>\n<p><strong><span style=\"color: #800000;\">Accessori in dotazione:<\/span><\/strong><br \/>\n<strong>&#8211; Piedino per asole &#8220;A&#8221;<\/strong><br \/>\n<strong>&#8211; Fermo per rocchetto (grande)<\/strong><br \/>\n<strong>&#8211; Piedino per sopraggitto &#8220;G<\/strong><br \/>\n<strong>&#8211; Fermo per rocchetto piccolo<\/strong><br \/>\n<strong>&#8211; Piedino per cerniere<\/strong><br \/>\n<strong>&#8211; Piedino per zig-zag &#8220;J&#8221;<\/strong><br \/>\n<strong>&#8211; Portarocchetto supplementare per ago doppio<\/strong><br \/>\n<strong>&#8211; Retina<\/strong><br \/>\n<strong>&#8211; Piedino per punto invisibile &#8220;R&#8221;<\/strong><br \/>\n<strong>&#8211; Pedale elettrico \/ reostato<\/strong><br \/>\n<strong>&#8211; Piedino di cucitura bottone &#8220;M&#8221;<\/strong><br \/>\n<strong>&#8211; Taglia asole<\/strong><br \/>\n<strong>&#8211; Manuale d&#8217;istruzione in italiano<\/strong><br \/>\n<strong>&#8211; Spolina (4)<\/strong><br \/>\n<strong>&#8211; Guida di riferimento rapido<\/strong><br \/>\n<strong>&#8211; Set di aghi<\/strong><br \/>\n<strong>&#8211; Borsa accessori<\/strong><br \/>\n<strong>&#8211; Ago gemello<\/strong><br \/>\n<strong>&#8211; Cacciavite a disco<\/strong><br \/>\n<strong>&#8211; Spazzolino di pulizia<\/strong><br \/>\n<strong>&#8211; Custodia morbida<\/strong><br \/>\n<strong>&#8211; Cacciavite (grande)<\/strong><\/p>\n","protected":false},"excerpt":{"rendered":"<p><strong>Macchina per cucire elettronica. Realizzata in esclusiva per il 50\u00b0 anniversario di Brother in Europa. 16 punti a tua disposizione e una grande fluidit\u00e0 nel trasporto di ogni tipo di lavoro. 3 tipi di asola realizzabili in un solo tempo da adattare ai diversi tessuti e capi ai quali sono destinate. <\/strong><\/p>\n","protected":false},"featured_media":10249,"comment_status":"closed","ping_status":"closed","template":"","meta":[],"product_brand":[],"product_cat":[154],"product_tag":[],"class_list":{"0":"post-6012","1":"product","2":"type-product","3":"status-publish","4":"has-post-thumbnail","6":"product_cat-brother-elettroniche-en","7":"pa_trovaprezzi-pubblicato-en","9":"first","10":"instock","11":"taxable","12":"shipping-taxable","13":"purchasable","14":"product-type-simple"},"yoast_head":"<!-- This site is optimized with the Yoast SEO plugin v27.2 - https:\/\/yoast.com\/product\/yoast-seo-wordpress\/ -->\n<title>Brother Innov-is 10A - Cuciroma | Macchine da cucire e accessori per il ricamo<\/title>\n<meta name=\"robots\" content=\"index, follow, max-snippet:-1, max-image-preview:large, max-video-preview:-1\" \/>\n<link rel=\"canonical\" href=\"https:\/\/cuciroma.com\/en\/prodotto\/brother-innov-is-10a\/\" \/>\n<meta property=\"og:locale\" content=\"en_US\" \/>\n<meta property=\"og:type\" content=\"article\" \/>\n<meta property=\"og:title\" content=\"Brother Innov-is 10A - Cuciroma | Macchine da cucire e accessori per il ricamo\" \/>\n<meta property=\"og:description\" content=\"Macchina per cucire elettronica. Realizzata in esclusiva per il 50\u00b0 anniversario di Brother in Europa. 16 punti a tua disposizione e una grande fluidit\u00e0 nel trasporto di ogni tipo di lavoro. 3 tipi di asola realizzabili in un solo tempo da adattare ai diversi tessuti e capi ai quali sono destinate.\" \/>\n<meta property=\"og:url\" content=\"https:\/\/cuciroma.com\/en\/prodotto\/brother-innov-is-10a\/\" \/>\n<meta property=\"og:site_name\" content=\"Cuciroma | Macchine da cucire e accessori per il ricamo\" \/>\n<meta property=\"article:publisher\" content=\"https:\/\/www.facebook.com\/cuciroma\/\" \/>\n<meta property=\"article:modified_time\" content=\"2024-05-24T07:55:46+00:00\" \/>\n<meta property=\"og:image\" content=\"https:\/\/cuciroma.com\/wp-content\/uploads\/2015\/10\/brother-10a.jpg\" \/>\n\t<meta property=\"og:image:width\" content=\"789\" \/>\n\t<meta property=\"og:image:height\" content=\"600\" \/>\n\t<meta property=\"og:image:type\" content=\"image\/jpeg\" \/>\n<meta name=\"twitter:card\" content=\"summary_large_image\" \/>\n<meta name=\"twitter:label1\" content=\"Est. reading time\" \/>\n\t<meta name=\"twitter:data1\" content=\"2 minutes\" \/>\n<script type=\"application\/ld+json\" class=\"yoast-schema-graph\">{\"@context\":\"https:\/\/schema.org\",\"@graph\":[{\"@type\":\"WebPage\",\"@id\":\"https:\/\/cuciroma.com\/en\/prodotto\/brother-innov-is-10a\/\",\"url\":\"https:\/\/cuciroma.com\/en\/prodotto\/brother-innov-is-10a\/\",\"name\":\"Brother Innov-is 10A - Cuciroma | Macchine da cucire e accessori per il ricamo\",\"isPartOf\":{\"@id\":\"https:\/\/cuciroma.com\/#website\"},\"primaryImageOfPage\":{\"@id\":\"https:\/\/cuciroma.com\/en\/prodotto\/brother-innov-is-10a\/#primaryimage\"},\"image\":{\"@id\":\"https:\/\/cuciroma.com\/en\/prodotto\/brother-innov-is-10a\/#primaryimage\"},\"thumbnailUrl\":\"https:\/\/cuciroma.com\/wp-content\/uploads\/2015\/10\/brother-10a.jpg\",\"datePublished\":\"2015-10-01T09:58:05+00:00\",\"dateModified\":\"2024-05-24T07:55:46+00:00\",\"breadcrumb\":{\"@id\":\"https:\/\/cuciroma.com\/en\/prodotto\/brother-innov-is-10a\/#breadcrumb\"},\"inLanguage\":\"en-US\",\"potentialAction\":[{\"@type\":\"ReadAction\",\"target\":[\"https:\/\/cuciroma.com\/en\/prodotto\/brother-innov-is-10a\/\"]}]},{\"@type\":\"ImageObject\",\"inLanguage\":\"en-US\",\"@id\":\"https:\/\/cuciroma.com\/en\/prodotto\/brother-innov-is-10a\/#primaryimage\",\"url\":\"https:\/\/cuciroma.com\/wp-content\/uploads\/2015\/10\/brother-10a.jpg\",\"contentUrl\":\"https:\/\/cuciroma.com\/wp-content\/uploads\/2015\/10\/brother-10a.jpg\",\"width\":789,\"height\":600},{\"@type\":\"BreadcrumbList\",\"@id\":\"https:\/\/cuciroma.com\/en\/prodotto\/brother-innov-is-10a\/#breadcrumb\",\"itemListElement\":[{\"@type\":\"ListItem\",\"position\":1,\"name\":\"Shop On line\",\"item\":\"https:\/\/cuciroma.com\/shop\/\"},{\"@type\":\"ListItem\",\"position\":2,\"name\":\"Brother Innov-is 10A\"}]},{\"@type\":\"WebSite\",\"@id\":\"https:\/\/cuciroma.com\/#website\",\"url\":\"https:\/\/cuciroma.com\/\",\"name\":\"Cuciroma | Macchine da cucire e accessori per il ricamo\",\"description\":\"Rivenditore e Assistenza autorizzata Macchine da Cucire Professionali\",\"publisher\":{\"@id\":\"https:\/\/cuciroma.com\/#organization\"},\"potentialAction\":[{\"@type\":\"SearchAction\",\"target\":{\"@type\":\"EntryPoint\",\"urlTemplate\":\"https:\/\/cuciroma.com\/?s={search_term_string}\"},\"query-input\":{\"@type\":\"PropertyValueSpecification\",\"valueRequired\":true,\"valueName\":\"search_term_string\"}}],\"inLanguage\":\"en-US\"},{\"@type\":\"Organization\",\"@id\":\"https:\/\/cuciroma.com\/#organization\",\"name\":\"Cuciroma\",\"url\":\"https:\/\/cuciroma.com\/\",\"logo\":{\"@type\":\"ImageObject\",\"inLanguage\":\"en-US\",\"@id\":\"https:\/\/cuciroma.com\/#\/schema\/logo\/image\/\",\"url\":\"https:\/\/cuciroma.com\/wp-content\/uploads\/2020\/07\/logo-cuciroma.png\",\"contentUrl\":\"https:\/\/cuciroma.com\/wp-content\/uploads\/2020\/07\/logo-cuciroma.png\",\"width\":565,\"height\":159,\"caption\":\"Cuciroma\"},\"image\":{\"@id\":\"https:\/\/cuciroma.com\/#\/schema\/logo\/image\/\"},\"sameAs\":[\"https:\/\/www.facebook.com\/cuciroma\/\",\"https:\/\/www.instagram.com\/cuciroma\/\"]}]}<\/script>\n<!-- \/ Yoast SEO plugin. -->","yoast_head_json":{"title":"Brother Innov-is 10A - Cuciroma | Macchine da cucire e accessori per il ricamo","robots":{"index":"index","follow":"follow","max-snippet":"max-snippet:-1","max-image-preview":"max-image-preview:large","max-video-preview":"max-video-preview:-1"},"canonical":"https:\/\/cuciroma.com\/en\/prodotto\/brother-innov-is-10a\/","og_locale":"en_US","og_type":"article","og_title":"Brother Innov-is 10A - Cuciroma | Macchine da cucire e accessori per il ricamo","og_description":"Macchina per cucire elettronica. Realizzata in esclusiva per il 50\u00b0 anniversario di Brother in Europa. 16 punti a tua disposizione e una grande fluidit\u00e0 nel trasporto di ogni tipo di lavoro. 3 tipi di asola realizzabili in un solo tempo da adattare ai diversi tessuti e capi ai quali sono destinate.","og_url":"https:\/\/cuciroma.com\/en\/prodotto\/brother-innov-is-10a\/","og_site_name":"Cuciroma | Macchine da cucire e accessori per il ricamo","article_publisher":"https:\/\/www.facebook.com\/cuciroma\/","article_modified_time":"2024-05-24T07:55:46+00:00","og_image":[{"width":789,"height":600,"url":"https:\/\/cuciroma.com\/wp-content\/uploads\/2015\/10\/brother-10a.jpg","type":"image\/jpeg"}],"twitter_card":"summary_large_image","twitter_misc":{"Est. reading time":"2 minutes"},"schema":{"@context":"https:\/\/schema.org","@graph":[{"@type":"WebPage","@id":"https:\/\/cuciroma.com\/en\/prodotto\/brother-innov-is-10a\/","url":"https:\/\/cuciroma.com\/en\/prodotto\/brother-innov-is-10a\/","name":"Brother Innov-is 10A - Cuciroma | Macchine da cucire e accessori per il ricamo","isPartOf":{"@id":"https:\/\/cuciroma.com\/#website"},"primaryImageOfPage":{"@id":"https:\/\/cuciroma.com\/en\/prodotto\/brother-innov-is-10a\/#primaryimage"},"image":{"@id":"https:\/\/cuciroma.com\/en\/prodotto\/brother-innov-is-10a\/#primaryimage"},"thumbnailUrl":"https:\/\/cuciroma.com\/wp-content\/uploads\/2015\/10\/brother-10a.jpg","datePublished":"2015-10-01T09:58:05+00:00","dateModified":"2024-05-24T07:55:46+00:00","breadcrumb":{"@id":"https:\/\/cuciroma.com\/en\/prodotto\/brother-innov-is-10a\/#breadcrumb"},"inLanguage":"en-US","potentialAction":[{"@type":"ReadAction","target":["https:\/\/cuciroma.com\/en\/prodotto\/brother-innov-is-10a\/"]}]},{"@type":"ImageObject","inLanguage":"en-US","@id":"https:\/\/cuciroma.com\/en\/prodotto\/brother-innov-is-10a\/#primaryimage","url":"https:\/\/cuciroma.com\/wp-content\/uploads\/2015\/10\/brother-10a.jpg","contentUrl":"https:\/\/cuciroma.com\/wp-content\/uploads\/2015\/10\/brother-10a.jpg","width":789,"height":600},{"@type":"BreadcrumbList","@id":"https:\/\/cuciroma.com\/en\/prodotto\/brother-innov-is-10a\/#breadcrumb","itemListElement":[{"@type":"ListItem","position":1,"name":"Shop On line","item":"https:\/\/cuciroma.com\/shop\/"},{"@type":"ListItem","position":2,"name":"Brother Innov-is 10A"}]},{"@type":"WebSite","@id":"https:\/\/cuciroma.com\/#website","url":"https:\/\/cuciroma.com\/","name":"Cuciroma | Macchine da cucire e accessori per il ricamo","description":"Rivenditore e Assistenza autorizzata Macchine da Cucire Professionali","publisher":{"@id":"https:\/\/cuciroma.com\/#organization"},"potentialAction":[{"@type":"SearchAction","target":{"@type":"EntryPoint","urlTemplate":"https:\/\/cuciroma.com\/?s={search_term_string}"},"query-input":{"@type":"PropertyValueSpecification","valueRequired":true,"valueName":"search_term_string"}}],"inLanguage":"en-US"},{"@type":"Organization","@id":"https:\/\/cuciroma.com\/#organization","name":"Cuciroma","url":"https:\/\/cuciroma.com\/","logo":{"@type":"ImageObject","inLanguage":"en-US","@id":"https:\/\/cuciroma.com\/#\/schema\/logo\/image\/","url":"https:\/\/cuciroma.com\/wp-content\/uploads\/2020\/07\/logo-cuciroma.png","contentUrl":"https:\/\/cuciroma.com\/wp-content\/uploads\/2020\/07\/logo-cuciroma.png","width":565,"height":159,"caption":"Cuciroma"},"image":{"@id":"https:\/\/cuciroma.com\/#\/schema\/logo\/image\/"},"sameAs":["https:\/\/www.facebook.com\/cuciroma\/","https:\/\/www.instagram.com\/cuciroma\/"]}]}},"df_price":359,"df_sale_price":"","df_regular_price":359,"df_image_link":"https:\/\/cuciroma.com\/wp-content\/uploads\/2015\/10\/brother-10a-300x228.jpg","_links":{"self":[{"href":"https:\/\/cuciroma.com\/en\/wp-json\/wp\/v2\/product\/6012","targetHints":{"allow":["GET"]}}],"collection":[{"href":"https:\/\/cuciroma.com\/en\/wp-json\/wp\/v2\/product"}],"about":[{"href":"https:\/\/cuciroma.com\/en\/wp-json\/wp\/v2\/types\/product"}],"replies":[{"embeddable":true,"href":"https:\/\/cuciroma.com\/en\/wp-json\/wp\/v2\/comments?post=6012"}],"wp:featuredmedia":[{"embeddable":true,"href":"https:\/\/cuciroma.com\/en\/wp-json\/wp\/v2\/media\/10249"}],"wp:attachment":[{"href":"https:\/\/cuciroma.com\/en\/wp-json\/wp\/v2\/media?parent=6012"}],"wp:term":[{"taxonomy":"product_brand","embeddable":true,"href":"https:\/\/cuciroma.com\/en\/wp-json\/wp\/v2\/product_brand?post=6012"},{"taxonomy":"product_cat","embeddable":true,"href":"https:\/\/cuciroma.com\/en\/wp-json\/wp\/v2\/product_cat?post=6012"},{"taxonomy":"product_tag","embeddable":true,"href":"https:\/\/cuciroma.com\/en\/wp-json\/wp\/v2\/product_tag?post=6012"}],"curies":[{"name":"wp","href":"https:\/\/api.w.org\/{rel}","templated":true}]}}