{"id":6007,"date":"2015-10-01T12:41:53","date_gmt":"2015-10-01T10:41:53","guid":{"rendered":"https:\/\/cuciroma.com\/prodotto\/brother-innov-is-15-2\/"},"modified":"2024-05-24T09:52:06","modified_gmt":"2024-05-24T07:52:06","slug":"brother-innov-is-15","status":"publish","type":"product","link":"https:\/\/cuciroma.com\/en\/prodotto\/brother-innov-is-15\/","title":{"rendered":"Brother Innov-is 15"},"content":{"rendered":"<p><a href=\"https:\/\/cuciroma.com\/wp-content\/uploads\/2017\/09\/telefono-rosso1.jpg\"><img loading=\"lazy\" decoding=\"async\" class=\" size-full wp-image-13539 aligncenter\" src=\"https:\/\/cuciroma.com\/wp-content\/uploads\/2017\/09\/telefono-rosso1.jpg\" alt=\"telefono rosso\" width=\"131\" height=\"138\" \/><\/a><br \/>\nMacchina per cucire elettronica. 16 punti utili e decorativi facilmente selezionabili grazie alla manopola \u201cjog dial\u201d e immediatamente visualizzabili attraverso il display LCD che permette di controllare in un colpo d\u2019occhio tutte le informazioni riguardanti il punto selezionato. 3 diversi stili di asola a disposizione per rifinire i progetti in maniera semplice ma con un tocco professionale. Semplice da utilizzare soprattutto per chi \u00e8 alle prime armi perch\u00e9 \u00e8 sufficiente scegliere il punto per vedere immediatamente il tuo progetto realizzarsi. Niente pi\u00f9 preoccupazioni riguardanti la sintonizzazione delle tensioni del filato, la pressione e la tipologia di piedino, la scelta dell\u2019ampiezza e della lunghezza del punto. Anche l\u2019infilatura dell\u2019ago \u00e8 semplice ed immediata grazie al pratico infilatore e non richiede pi\u00f9 perdite di tempo e stress causate dalla ricerca degli occhiali. L\u2019inserimento veloce della bobina contribuisce poi alla velocizzazione dei tempi di lavoro, basta inserire una bobina piena, inserire il filo nella direzione mostrata dalla freccia e sei pronta a cucire. La griffa di trasporto \u00e8 poi dotata di sette ranghi che assicurano un\u2019azione di camminamento del tessuto pi\u00f9 fluida e una qualit\u00e0 del punto migliore, \u00e8 inoltre possibile con questa funzione realizzare minuziose ed accurate cuciture su qualsiasi tipo di tessuto, dalle sete pi\u00f9 leggere al velluto a coste e al denim pi\u00f9 pesanti. L\u2019illuminazione LED nella zona di cucitura rende pi\u00f9 nitida la lavorazione soprattutto sui tessuti scuri e prima di tutto utilizza solo una minima parte dell\u2019energia di una lampadina tradizionale. La velocit\u00e0 di esecuzione della cucitura pu\u00f2 inoltre essere regolata attraverso un cursore che rallenta la lavorazione in particolari fasi o su specifici tessuti in cui \u00e8 richiesta accuratezza e precisione<\/p>\n<p><strong><span style=\"color: #800000;\">Specifiche:<\/span><\/strong><\/p>\n<p><strong>&#8211; Infilatura automatica dell\u2019ago<\/strong><br \/>\n<strong>&#8211; Inserimento rapido della bobina<\/strong><br \/>\n<strong>&#8211; Illuminazione LED<\/strong><br \/>\n<strong>&#8211; Disinnesto del trasporto<\/strong><br \/>\n<strong>&#8211; Tasti di controllo<\/strong><br \/>\n<strong>&#8211; Tasto di livellamento del piedino<\/strong><\/p>\n<p><strong><span style=\"color: #800000;\">Accessori in dotazione:<\/span><\/strong><\/p>\n<p><strong>&#8211; Piedino per asole \u201cA\u201d<\/strong><br \/>\n<strong>&#8211; Piedino per sopraggitto \u201cG\u201d<\/strong><br \/>\n<strong>&#8211; Piedino per cerniere<\/strong><br \/>\n<strong>&#8211; Piedino per zig zag \u201cJ\u201d<\/strong><br \/>\n<strong>&#8211; Piedino per punto invisibile \u201cR\u201d<\/strong><br \/>\n<strong>&#8211; Piedino per cucitura bottone \u201cM\u201d<\/strong><br \/>\n<strong>&#8211; Taglia asole<\/strong><br \/>\n<strong>&#8211; Set di aghi<\/strong><br \/>\n<strong>&#8211; Spolina 4<\/strong><br \/>\n<strong>&#8211; Ago gemello<\/strong><br \/>\n<strong>&#8211; Spazzolino per pulizia<\/strong><br \/>\n<strong>&#8211; Cacciavite<\/strong><br \/>\n<strong>&#8211; Fermo rocchetto grande, medio e piccolo<\/strong><br \/>\n<strong>&#8211; Portarocchetto supplementare<\/strong><br \/>\n<strong>&#8211; Retina<\/strong><br \/>\n<strong>&#8211; Pedale reostato<\/strong><br \/>\n<strong>&#8211; Manuale delle istruzioni e guida di riferimento rapido<\/strong><br \/>\n<strong>&#8211; Borsa accessori<\/strong><br \/>\n<strong>&#8211; Cacciavite a disco<\/strong><br \/>\n<strong>&#8211; Custodia morbida<\/strong><\/p>\n","protected":false},"excerpt":{"rendered":"<p><strong>Macchina per cucire elettronica. 16 punti utili e decorativi facilmente selezionabili grazie alla manopola \u201cjog dial\u201d e immediatamente visualizzabili attraverso il display LCD che permette di controllare in un colpo d\u2019occhio tutte le informazioni riguardanti il punto selezionato. 3 diversi stili di asola a disposizione per rifinire i progetti in maniera semplice ma con un tocco professionale. <\/strong><\/p>\n","protected":false},"featured_media":10247,"comment_status":"closed","ping_status":"closed","template":"","meta":[],"product_brand":[],"product_cat":[154],"product_tag":[],"class_list":{"0":"post-6007","1":"product","2":"type-product","3":"status-publish","4":"has-post-thumbnail","6":"product_cat-brother-elettroniche-en","7":"pa_trovaprezzi-pubblicato-en","9":"first","10":"instock","11":"taxable","12":"shipping-taxable","13":"purchasable","14":"product-type-simple"},"yoast_head":"<!-- This site is optimized with the Yoast SEO plugin v27.2 - https:\/\/yoast.com\/product\/yoast-seo-wordpress\/ -->\n<title>Brother Innov-is 15 - Cuciroma | Macchine da cucire e accessori per il ricamo<\/title>\n<meta name=\"robots\" content=\"index, follow, max-snippet:-1, max-image-preview:large, max-video-preview:-1\" \/>\n<link rel=\"canonical\" href=\"https:\/\/cuciroma.com\/en\/prodotto\/brother-innov-is-15\/\" \/>\n<meta property=\"og:locale\" content=\"en_US\" \/>\n<meta property=\"og:type\" content=\"article\" \/>\n<meta property=\"og:title\" content=\"Brother Innov-is 15 - Cuciroma | Macchine da cucire e accessori per il ricamo\" \/>\n<meta property=\"og:description\" content=\"Macchina per cucire elettronica. 16 punti utili e decorativi facilmente selezionabili grazie alla manopola \u201cjog dial\u201d e immediatamente visualizzabili attraverso il display LCD che permette di controllare in un colpo d\u2019occhio tutte le informazioni riguardanti il punto selezionato. 3 diversi stili di asola a disposizione per rifinire i progetti in maniera semplice ma con un tocco professionale.\" \/>\n<meta property=\"og:url\" content=\"https:\/\/cuciroma.com\/en\/prodotto\/brother-innov-is-15\/\" \/>\n<meta property=\"og:site_name\" content=\"Cuciroma | Macchine da cucire e accessori per il ricamo\" \/>\n<meta property=\"article:publisher\" content=\"https:\/\/www.facebook.com\/cuciroma\/\" \/>\n<meta property=\"article:modified_time\" content=\"2024-05-24T07:52:06+00:00\" \/>\n<meta property=\"og:image\" content=\"https:\/\/cuciroma.com\/wp-content\/uploads\/2015\/10\/brother-15.jpg\" \/>\n\t<meta property=\"og:image:width\" content=\"789\" \/>\n\t<meta property=\"og:image:height\" content=\"599\" \/>\n\t<meta property=\"og:image:type\" content=\"image\/jpeg\" \/>\n<meta name=\"twitter:card\" content=\"summary_large_image\" \/>\n<meta name=\"twitter:label1\" content=\"Est. reading time\" \/>\n\t<meta name=\"twitter:data1\" content=\"2 minutes\" \/>\n<script type=\"application\/ld+json\" class=\"yoast-schema-graph\">{\"@context\":\"https:\/\/schema.org\",\"@graph\":[{\"@type\":\"WebPage\",\"@id\":\"https:\/\/cuciroma.com\/en\/prodotto\/brother-innov-is-15\/\",\"url\":\"https:\/\/cuciroma.com\/en\/prodotto\/brother-innov-is-15\/\",\"name\":\"Brother Innov-is 15 - Cuciroma | Macchine da cucire e accessori per il ricamo\",\"isPartOf\":{\"@id\":\"https:\/\/cuciroma.com\/#website\"},\"primaryImageOfPage\":{\"@id\":\"https:\/\/cuciroma.com\/en\/prodotto\/brother-innov-is-15\/#primaryimage\"},\"image\":{\"@id\":\"https:\/\/cuciroma.com\/en\/prodotto\/brother-innov-is-15\/#primaryimage\"},\"thumbnailUrl\":\"https:\/\/cuciroma.com\/wp-content\/uploads\/2015\/10\/brother-15.jpg\",\"datePublished\":\"2015-10-01T10:41:53+00:00\",\"dateModified\":\"2024-05-24T07:52:06+00:00\",\"breadcrumb\":{\"@id\":\"https:\/\/cuciroma.com\/en\/prodotto\/brother-innov-is-15\/#breadcrumb\"},\"inLanguage\":\"en-US\",\"potentialAction\":[{\"@type\":\"ReadAction\",\"target\":[\"https:\/\/cuciroma.com\/en\/prodotto\/brother-innov-is-15\/\"]}]},{\"@type\":\"ImageObject\",\"inLanguage\":\"en-US\",\"@id\":\"https:\/\/cuciroma.com\/en\/prodotto\/brother-innov-is-15\/#primaryimage\",\"url\":\"https:\/\/cuciroma.com\/wp-content\/uploads\/2015\/10\/brother-15.jpg\",\"contentUrl\":\"https:\/\/cuciroma.com\/wp-content\/uploads\/2015\/10\/brother-15.jpg\",\"width\":789,\"height\":599},{\"@type\":\"BreadcrumbList\",\"@id\":\"https:\/\/cuciroma.com\/en\/prodotto\/brother-innov-is-15\/#breadcrumb\",\"itemListElement\":[{\"@type\":\"ListItem\",\"position\":1,\"name\":\"Shop On line\",\"item\":\"https:\/\/cuciroma.com\/shop\/\"},{\"@type\":\"ListItem\",\"position\":2,\"name\":\"Brother Innov-is 15\"}]},{\"@type\":\"WebSite\",\"@id\":\"https:\/\/cuciroma.com\/#website\",\"url\":\"https:\/\/cuciroma.com\/\",\"name\":\"Cuciroma | Macchine da cucire e accessori per il ricamo\",\"description\":\"Rivenditore e Assistenza autorizzata Macchine da Cucire Professionali\",\"publisher\":{\"@id\":\"https:\/\/cuciroma.com\/#organization\"},\"potentialAction\":[{\"@type\":\"SearchAction\",\"target\":{\"@type\":\"EntryPoint\",\"urlTemplate\":\"https:\/\/cuciroma.com\/?s={search_term_string}\"},\"query-input\":{\"@type\":\"PropertyValueSpecification\",\"valueRequired\":true,\"valueName\":\"search_term_string\"}}],\"inLanguage\":\"en-US\"},{\"@type\":\"Organization\",\"@id\":\"https:\/\/cuciroma.com\/#organization\",\"name\":\"Cuciroma\",\"url\":\"https:\/\/cuciroma.com\/\",\"logo\":{\"@type\":\"ImageObject\",\"inLanguage\":\"en-US\",\"@id\":\"https:\/\/cuciroma.com\/#\/schema\/logo\/image\/\",\"url\":\"https:\/\/cuciroma.com\/wp-content\/uploads\/2020\/07\/logo-cuciroma.png\",\"contentUrl\":\"https:\/\/cuciroma.com\/wp-content\/uploads\/2020\/07\/logo-cuciroma.png\",\"width\":565,\"height\":159,\"caption\":\"Cuciroma\"},\"image\":{\"@id\":\"https:\/\/cuciroma.com\/#\/schema\/logo\/image\/\"},\"sameAs\":[\"https:\/\/www.facebook.com\/cuciroma\/\",\"https:\/\/www.instagram.com\/cuciroma\/\"]}]}<\/script>\n<!-- \/ Yoast SEO plugin. -->","yoast_head_json":{"title":"Brother Innov-is 15 - Cuciroma | Macchine da cucire e accessori per il ricamo","robots":{"index":"index","follow":"follow","max-snippet":"max-snippet:-1","max-image-preview":"max-image-preview:large","max-video-preview":"max-video-preview:-1"},"canonical":"https:\/\/cuciroma.com\/en\/prodotto\/brother-innov-is-15\/","og_locale":"en_US","og_type":"article","og_title":"Brother Innov-is 15 - Cuciroma | Macchine da cucire e accessori per il ricamo","og_description":"Macchina per cucire elettronica. 16 punti utili e decorativi facilmente selezionabili grazie alla manopola \u201cjog dial\u201d e immediatamente visualizzabili attraverso il display LCD che permette di controllare in un colpo d\u2019occhio tutte le informazioni riguardanti il punto selezionato. 3 diversi stili di asola a disposizione per rifinire i progetti in maniera semplice ma con un tocco professionale.","og_url":"https:\/\/cuciroma.com\/en\/prodotto\/brother-innov-is-15\/","og_site_name":"Cuciroma | Macchine da cucire e accessori per il ricamo","article_publisher":"https:\/\/www.facebook.com\/cuciroma\/","article_modified_time":"2024-05-24T07:52:06+00:00","og_image":[{"width":789,"height":599,"url":"https:\/\/cuciroma.com\/wp-content\/uploads\/2015\/10\/brother-15.jpg","type":"image\/jpeg"}],"twitter_card":"summary_large_image","twitter_misc":{"Est. reading time":"2 minutes"},"schema":{"@context":"https:\/\/schema.org","@graph":[{"@type":"WebPage","@id":"https:\/\/cuciroma.com\/en\/prodotto\/brother-innov-is-15\/","url":"https:\/\/cuciroma.com\/en\/prodotto\/brother-innov-is-15\/","name":"Brother Innov-is 15 - Cuciroma | Macchine da cucire e accessori per il ricamo","isPartOf":{"@id":"https:\/\/cuciroma.com\/#website"},"primaryImageOfPage":{"@id":"https:\/\/cuciroma.com\/en\/prodotto\/brother-innov-is-15\/#primaryimage"},"image":{"@id":"https:\/\/cuciroma.com\/en\/prodotto\/brother-innov-is-15\/#primaryimage"},"thumbnailUrl":"https:\/\/cuciroma.com\/wp-content\/uploads\/2015\/10\/brother-15.jpg","datePublished":"2015-10-01T10:41:53+00:00","dateModified":"2024-05-24T07:52:06+00:00","breadcrumb":{"@id":"https:\/\/cuciroma.com\/en\/prodotto\/brother-innov-is-15\/#breadcrumb"},"inLanguage":"en-US","potentialAction":[{"@type":"ReadAction","target":["https:\/\/cuciroma.com\/en\/prodotto\/brother-innov-is-15\/"]}]},{"@type":"ImageObject","inLanguage":"en-US","@id":"https:\/\/cuciroma.com\/en\/prodotto\/brother-innov-is-15\/#primaryimage","url":"https:\/\/cuciroma.com\/wp-content\/uploads\/2015\/10\/brother-15.jpg","contentUrl":"https:\/\/cuciroma.com\/wp-content\/uploads\/2015\/10\/brother-15.jpg","width":789,"height":599},{"@type":"BreadcrumbList","@id":"https:\/\/cuciroma.com\/en\/prodotto\/brother-innov-is-15\/#breadcrumb","itemListElement":[{"@type":"ListItem","position":1,"name":"Shop On line","item":"https:\/\/cuciroma.com\/shop\/"},{"@type":"ListItem","position":2,"name":"Brother Innov-is 15"}]},{"@type":"WebSite","@id":"https:\/\/cuciroma.com\/#website","url":"https:\/\/cuciroma.com\/","name":"Cuciroma | Macchine da cucire e accessori per il ricamo","description":"Rivenditore e Assistenza autorizzata Macchine da Cucire Professionali","publisher":{"@id":"https:\/\/cuciroma.com\/#organization"},"potentialAction":[{"@type":"SearchAction","target":{"@type":"EntryPoint","urlTemplate":"https:\/\/cuciroma.com\/?s={search_term_string}"},"query-input":{"@type":"PropertyValueSpecification","valueRequired":true,"valueName":"search_term_string"}}],"inLanguage":"en-US"},{"@type":"Organization","@id":"https:\/\/cuciroma.com\/#organization","name":"Cuciroma","url":"https:\/\/cuciroma.com\/","logo":{"@type":"ImageObject","inLanguage":"en-US","@id":"https:\/\/cuciroma.com\/#\/schema\/logo\/image\/","url":"https:\/\/cuciroma.com\/wp-content\/uploads\/2020\/07\/logo-cuciroma.png","contentUrl":"https:\/\/cuciroma.com\/wp-content\/uploads\/2020\/07\/logo-cuciroma.png","width":565,"height":159,"caption":"Cuciroma"},"image":{"@id":"https:\/\/cuciroma.com\/#\/schema\/logo\/image\/"},"sameAs":["https:\/\/www.facebook.com\/cuciroma\/","https:\/\/www.instagram.com\/cuciroma\/"]}]}},"df_price":449,"df_sale_price":"","df_regular_price":449,"df_image_link":"https:\/\/cuciroma.com\/wp-content\/uploads\/2015\/10\/brother-15-300x228.jpg","_links":{"self":[{"href":"https:\/\/cuciroma.com\/en\/wp-json\/wp\/v2\/product\/6007","targetHints":{"allow":["GET"]}}],"collection":[{"href":"https:\/\/cuciroma.com\/en\/wp-json\/wp\/v2\/product"}],"about":[{"href":"https:\/\/cuciroma.com\/en\/wp-json\/wp\/v2\/types\/product"}],"replies":[{"embeddable":true,"href":"https:\/\/cuciroma.com\/en\/wp-json\/wp\/v2\/comments?post=6007"}],"wp:featuredmedia":[{"embeddable":true,"href":"https:\/\/cuciroma.com\/en\/wp-json\/wp\/v2\/media\/10247"}],"wp:attachment":[{"href":"https:\/\/cuciroma.com\/en\/wp-json\/wp\/v2\/media?parent=6007"}],"wp:term":[{"taxonomy":"product_brand","embeddable":true,"href":"https:\/\/cuciroma.com\/en\/wp-json\/wp\/v2\/product_brand?post=6007"},{"taxonomy":"product_cat","embeddable":true,"href":"https:\/\/cuciroma.com\/en\/wp-json\/wp\/v2\/product_cat?post=6007"},{"taxonomy":"product_tag","embeddable":true,"href":"https:\/\/cuciroma.com\/en\/wp-json\/wp\/v2\/product_tag?post=6007"}],"curies":[{"name":"wp","href":"https:\/\/api.w.org\/{rel}","templated":true}]}}