{"id":6003,"date":"2015-10-01T16:56:46","date_gmt":"2015-10-01T14:56:46","guid":{"rendered":"https:\/\/cuciroma.com\/prodotto\/brother-innov-is-35-2\/"},"modified":"2019-02-02T16:57:20","modified_gmt":"2019-02-02T15:57:20","slug":"brother-innov-is-35","status":"publish","type":"product","link":"https:\/\/cuciroma.com\/en\/prodotto\/brother-innov-is-35\/","title":{"rendered":"Brother Innov-is 35"},"content":{"rendered":"<p><a href=\"https:\/\/cuciroma.com\/wp-content\/uploads\/2017\/09\/telefono-rosso1.jpg\"><img loading=\"lazy\" decoding=\"async\" class=\" size-full wp-image-13539 aligncenter\" src=\"https:\/\/cuciroma.com\/wp-content\/uploads\/2017\/09\/telefono-rosso1.jpg\" alt=\"telefono rosso\" width=\"131\" height=\"138\" \/><\/a><br \/>\n<strong><span id=\"result_box\" class=\"\" lang=\"it\" tabindex=\"-1\"><span title=\"Imagine a sewing machine compact enough to whisk away to a sewing class or fit in your book shelf.&lt;br \/&gt;&lt;br \/&gt;&lt;br \/&gt;&lt;br \/&gt;&lt;br \/&gt;&lt;br \/&gt;&lt;br \/&gt; \">\u00a0<\/span><\/span>Macchina per cucire elettronica. 70 tipi di punti utili e decorativi per supporto di lavorazioni o per semplice diletto, la tua Innovis 35 ti accompagna sia nelle lavorazioni necessarie per il tuo guardaroba per la casa o il lavoro, che in quelle pi\u00f9 fantasiose ed eclettiche che raccontano il tuo hobby. La macchina \u00e8 molto versatile e grazie alle molteplici funzioni di cui \u00e8 dotata, ottimizza e semplifica tutte le lavorazioni a cui viene sottoposta. I punti sono scelti mediante la manopola elettronica \u201cjog dial\u201d, con un semplice tocco delle dita. Lo schermo LCD ti visualizza immediatamente le informazioni riguardo al punto selezionato e le altre funzioni elettroniche consentono di regolare la dimensione dei punti, in modo ancora pi\u00f9 semplice ed accurato. Sono poi presenti 7 tipologie diverse di asole per adattarle alle diverse situazioni e tessuti. Inserimento veloce della bobina e dispositivo di infilatura automatica dell\u2019ago che permette oltretutto di compiere questa operazione in tempi rapidi e senza pi\u00f9 l\u2019uso degli occhiali. I sette ranghi della griffa assicurano un\u2019azione di trasporto pi\u00f9 fluida e una qualit\u00e0 del punto migliore su qualsiasi tipo di tessuto, dalle sete pi\u00f9 leggere al velluto a coste e al denim pi\u00f9 pesanti. Illuminazione LED nella zona di cucitura per illuminare perfettamente il lavoro. Sistema rapido di avvolgimento della bobina e soprattutto ,comodissimo, il cursore velocit\u00e0 per adeguarla alla difficolt\u00e0 lavorativa che incontri. La luce LED illumina perfettamente la zona di lavoro. Utilizza solo una minima parte dell\u2019energia di una lampadina tradizionale ma dura per tutta la vita della macchina. L\u2019avvolgimento della bobina \u00e8 davvero semplice e veloce. \u00c8 suffi ciente avvolgere il filo intorno alla bobina attraverso l\u2019apertura della guida e premere il tasto start.<\/strong><\/p>\n<p><strong><span style=\"color: #800000;\">Specifiche:<\/span><\/strong><\/p>\n<p><strong>&#8211; 70 punti selezionabili <\/strong><br \/>\n<strong>&#8211; Display LCD<\/strong><br \/>\n<strong>&#8211; Illuminazione LED<\/strong><br \/>\n<strong>&#8211; Asola ad un tempo<\/strong><br \/>\n<strong>&#8211; Braccio libero <\/strong><br \/>\n<strong>&#8211; Infila ago automatico<\/strong><br \/>\n<strong>&#8211; Griffa 7 ranghi di trasporto<\/strong><br \/>\n<strong>&#8211; Cursore velocit\u00e0 cucitura<\/strong><br \/>\n<strong>&#8211; Selettore ago Alto \/ ago Basso<\/strong><\/p>\n<p><strong><span style=\"color: #800000;\">Accessori in dotazione:<\/span><\/strong><\/p>\n<p><strong>&#8211; Piedino per asole, per sopraggitto, per cerniere, per zig zag<\/strong><br \/>\n<strong>&#8211; Piedino per punto invisibile, per cucitura bottone<\/strong><br \/>\n<strong>&#8211; Piedino taglia asole<\/strong><br \/>\n<strong>&#8211; Set di aghi<\/strong><br \/>\n<strong>&#8211; Spolina<\/strong><br \/>\n<strong>&#8211; Ago gemello<\/strong><br \/>\n<strong>&#8211; Spazzolino per pulizia<\/strong><br \/>\n<strong>&#8211; Cacciavite<\/strong><br \/>\n<strong>&#8211; Fermo rocchetto grande, medio e piccolo<\/strong><br \/>\n<strong>&#8211; Portarocchetto supplementare<\/strong><br \/>\n<strong>&#8211; Retina<\/strong><br \/>\n<strong>&#8211; Pedale reostato<\/strong><br \/>\n<strong>&#8211; Manuale delle istruzioni e guida di riferimento rapido<\/strong><br \/>\n<strong>&#8211; Borsa accessori<\/strong><br \/>\n<strong>&#8211; Cacciavite a disco<\/strong><br \/>\n<strong>&#8211; Custodia rigida in corredo<\/strong><\/p>\n<p>&nbsp;<\/p>\n","protected":false},"excerpt":{"rendered":"<p><strong><span id=\"result_box\" class=\"\" lang=\"it\" tabindex=\"-1\"><span title=\"Imagine a sewing machine compact enough to whisk away to a sewing class or fit in your book shelf.&lt;br \/&gt;&lt;br \/&gt;&lt;br \/&gt;&lt;br \/&gt;&lt;br \/&gt;&lt;br \/&gt;&lt;br \/&gt;\n\">\u00a0<\/span><\/span>Macchina per cucire elettronica. 70 tipi di punti utili e decorativi per supporto di lavorazioni o per semplice diletto, la tua Innovis 35 ti accompagna sia nelle lavorazioni necessarie per il tuo guardaroba per la casa o il lavoro, che in quelle pi\u00f9 fantasiose ed eclettiche che raccontano il tuo hobby. La macchina \u00e8 molto versatile e grazie alle molteplici funzioni di cui \u00e8 dotata, ottimizza e semplifica tutte le lavorazioni a cui viene sottoposta.<\/strong><\/p>\n","protected":false},"featured_media":0,"comment_status":"closed","ping_status":"closed","template":"","meta":[],"product_brand":[],"product_cat":[154],"product_tag":[],"class_list":{"0":"post-6003","1":"product","2":"type-product","3":"status-publish","5":"product_cat-brother-elettroniche-en","6":"pa_trovaprezzi-pubblicato","8":"first","9":"instock","10":"taxable","11":"shipping-taxable","12":"purchasable","13":"product-type-simple"},"yoast_head":"<!-- This site is optimized with the Yoast SEO plugin v27.2 - https:\/\/yoast.com\/product\/yoast-seo-wordpress\/ -->\n<title>Brother Innov-is 35 - Cuciroma | Macchine da cucire e accessori per il ricamo<\/title>\n<meta name=\"robots\" content=\"index, follow, max-snippet:-1, max-image-preview:large, max-video-preview:-1\" \/>\n<link rel=\"canonical\" href=\"https:\/\/cuciroma.com\/en\/prodotto\/brother-innov-is-35\/\" \/>\n<meta property=\"og:locale\" content=\"en_US\" \/>\n<meta property=\"og:type\" content=\"article\" \/>\n<meta property=\"og:title\" content=\"Brother Innov-is 35 - Cuciroma | Macchine da cucire e accessori per il ricamo\" \/>\n<meta property=\"og:description\" content=\"\u00a0Macchina per cucire elettronica. 70 tipi di punti utili e decorativi per supporto di lavorazioni o per semplice diletto, la tua Innovis 35 ti accompagna sia nelle lavorazioni necessarie per il tuo guardaroba per la casa o il lavoro, che in quelle pi\u00f9 fantasiose ed eclettiche che raccontano il tuo hobby. La macchina \u00e8 molto versatile e grazie alle molteplici funzioni di cui \u00e8 dotata, ottimizza e semplifica tutte le lavorazioni a cui viene sottoposta.\" \/>\n<meta property=\"og:url\" content=\"https:\/\/cuciroma.com\/en\/prodotto\/brother-innov-is-35\/\" \/>\n<meta property=\"og:site_name\" content=\"Cuciroma | Macchine da cucire e accessori per il ricamo\" \/>\n<meta property=\"article:publisher\" content=\"https:\/\/www.facebook.com\/cuciroma\/\" \/>\n<meta property=\"article:modified_time\" content=\"2019-02-02T15:57:20+00:00\" \/>\n<meta property=\"og:image\" content=\"https:\/\/cuciroma.com\/wp-content\/uploads\/2017\/09\/telefono-rosso1.jpg\" \/>\n<meta name=\"twitter:card\" content=\"summary_large_image\" \/>\n<meta name=\"twitter:label1\" content=\"Est. reading time\" \/>\n\t<meta name=\"twitter:data1\" content=\"2 minutes\" \/>\n<script type=\"application\/ld+json\" class=\"yoast-schema-graph\">{\"@context\":\"https:\/\/schema.org\",\"@graph\":[{\"@type\":\"WebPage\",\"@id\":\"https:\/\/cuciroma.com\/en\/prodotto\/brother-innov-is-35\/\",\"url\":\"https:\/\/cuciroma.com\/en\/prodotto\/brother-innov-is-35\/\",\"name\":\"Brother Innov-is 35 - Cuciroma | Macchine da cucire e accessori per il ricamo\",\"isPartOf\":{\"@id\":\"https:\/\/cuciroma.com\/#website\"},\"primaryImageOfPage\":{\"@id\":\"https:\/\/cuciroma.com\/en\/prodotto\/brother-innov-is-35\/#primaryimage\"},\"image\":{\"@id\":\"https:\/\/cuciroma.com\/en\/prodotto\/brother-innov-is-35\/#primaryimage\"},\"thumbnailUrl\":\"https:\/\/cuciroma.com\/wp-content\/uploads\/2017\/09\/telefono-rosso1.jpg\",\"datePublished\":\"2015-10-01T14:56:46+00:00\",\"dateModified\":\"2019-02-02T15:57:20+00:00\",\"breadcrumb\":{\"@id\":\"https:\/\/cuciroma.com\/en\/prodotto\/brother-innov-is-35\/#breadcrumb\"},\"inLanguage\":\"en-US\",\"potentialAction\":[{\"@type\":\"ReadAction\",\"target\":[\"https:\/\/cuciroma.com\/en\/prodotto\/brother-innov-is-35\/\"]}]},{\"@type\":\"ImageObject\",\"inLanguage\":\"en-US\",\"@id\":\"https:\/\/cuciroma.com\/en\/prodotto\/brother-innov-is-35\/#primaryimage\",\"url\":\"https:\/\/cuciroma.com\/wp-content\/uploads\/2017\/09\/telefono-rosso1.jpg\",\"contentUrl\":\"https:\/\/cuciroma.com\/wp-content\/uploads\/2017\/09\/telefono-rosso1.jpg\"},{\"@type\":\"BreadcrumbList\",\"@id\":\"https:\/\/cuciroma.com\/en\/prodotto\/brother-innov-is-35\/#breadcrumb\",\"itemListElement\":[{\"@type\":\"ListItem\",\"position\":1,\"name\":\"Shop On line\",\"item\":\"https:\/\/cuciroma.com\/shop\/\"},{\"@type\":\"ListItem\",\"position\":2,\"name\":\"Brother Innov-is 35\"}]},{\"@type\":\"WebSite\",\"@id\":\"https:\/\/cuciroma.com\/#website\",\"url\":\"https:\/\/cuciroma.com\/\",\"name\":\"Cuciroma | Macchine da cucire e accessori per il ricamo\",\"description\":\"Rivenditore e Assistenza autorizzata Macchine da Cucire Professionali\",\"publisher\":{\"@id\":\"https:\/\/cuciroma.com\/#organization\"},\"potentialAction\":[{\"@type\":\"SearchAction\",\"target\":{\"@type\":\"EntryPoint\",\"urlTemplate\":\"https:\/\/cuciroma.com\/?s={search_term_string}\"},\"query-input\":{\"@type\":\"PropertyValueSpecification\",\"valueRequired\":true,\"valueName\":\"search_term_string\"}}],\"inLanguage\":\"en-US\"},{\"@type\":\"Organization\",\"@id\":\"https:\/\/cuciroma.com\/#organization\",\"name\":\"Cuciroma\",\"url\":\"https:\/\/cuciroma.com\/\",\"logo\":{\"@type\":\"ImageObject\",\"inLanguage\":\"en-US\",\"@id\":\"https:\/\/cuciroma.com\/#\/schema\/logo\/image\/\",\"url\":\"https:\/\/cuciroma.com\/wp-content\/uploads\/2020\/07\/logo-cuciroma.png\",\"contentUrl\":\"https:\/\/cuciroma.com\/wp-content\/uploads\/2020\/07\/logo-cuciroma.png\",\"width\":565,\"height\":159,\"caption\":\"Cuciroma\"},\"image\":{\"@id\":\"https:\/\/cuciroma.com\/#\/schema\/logo\/image\/\"},\"sameAs\":[\"https:\/\/www.facebook.com\/cuciroma\/\",\"https:\/\/www.instagram.com\/cuciroma\/\"]}]}<\/script>\n<!-- \/ Yoast SEO plugin. -->","yoast_head_json":{"title":"Brother Innov-is 35 - Cuciroma | Macchine da cucire e accessori per il ricamo","robots":{"index":"index","follow":"follow","max-snippet":"max-snippet:-1","max-image-preview":"max-image-preview:large","max-video-preview":"max-video-preview:-1"},"canonical":"https:\/\/cuciroma.com\/en\/prodotto\/brother-innov-is-35\/","og_locale":"en_US","og_type":"article","og_title":"Brother Innov-is 35 - Cuciroma | Macchine da cucire e accessori per il ricamo","og_description":"\u00a0Macchina per cucire elettronica. 70 tipi di punti utili e decorativi per supporto di lavorazioni o per semplice diletto, la tua Innovis 35 ti accompagna sia nelle lavorazioni necessarie per il tuo guardaroba per la casa o il lavoro, che in quelle pi\u00f9 fantasiose ed eclettiche che raccontano il tuo hobby. La macchina \u00e8 molto versatile e grazie alle molteplici funzioni di cui \u00e8 dotata, ottimizza e semplifica tutte le lavorazioni a cui viene sottoposta.","og_url":"https:\/\/cuciroma.com\/en\/prodotto\/brother-innov-is-35\/","og_site_name":"Cuciroma | Macchine da cucire e accessori per il ricamo","article_publisher":"https:\/\/www.facebook.com\/cuciroma\/","article_modified_time":"2019-02-02T15:57:20+00:00","og_image":[{"url":"https:\/\/cuciroma.com\/wp-content\/uploads\/2017\/09\/telefono-rosso1.jpg","type":"","width":"","height":""}],"twitter_card":"summary_large_image","twitter_misc":{"Est. reading time":"2 minutes"},"schema":{"@context":"https:\/\/schema.org","@graph":[{"@type":"WebPage","@id":"https:\/\/cuciroma.com\/en\/prodotto\/brother-innov-is-35\/","url":"https:\/\/cuciroma.com\/en\/prodotto\/brother-innov-is-35\/","name":"Brother Innov-is 35 - Cuciroma | Macchine da cucire e accessori per il ricamo","isPartOf":{"@id":"https:\/\/cuciroma.com\/#website"},"primaryImageOfPage":{"@id":"https:\/\/cuciroma.com\/en\/prodotto\/brother-innov-is-35\/#primaryimage"},"image":{"@id":"https:\/\/cuciroma.com\/en\/prodotto\/brother-innov-is-35\/#primaryimage"},"thumbnailUrl":"https:\/\/cuciroma.com\/wp-content\/uploads\/2017\/09\/telefono-rosso1.jpg","datePublished":"2015-10-01T14:56:46+00:00","dateModified":"2019-02-02T15:57:20+00:00","breadcrumb":{"@id":"https:\/\/cuciroma.com\/en\/prodotto\/brother-innov-is-35\/#breadcrumb"},"inLanguage":"en-US","potentialAction":[{"@type":"ReadAction","target":["https:\/\/cuciroma.com\/en\/prodotto\/brother-innov-is-35\/"]}]},{"@type":"ImageObject","inLanguage":"en-US","@id":"https:\/\/cuciroma.com\/en\/prodotto\/brother-innov-is-35\/#primaryimage","url":"https:\/\/cuciroma.com\/wp-content\/uploads\/2017\/09\/telefono-rosso1.jpg","contentUrl":"https:\/\/cuciroma.com\/wp-content\/uploads\/2017\/09\/telefono-rosso1.jpg"},{"@type":"BreadcrumbList","@id":"https:\/\/cuciroma.com\/en\/prodotto\/brother-innov-is-35\/#breadcrumb","itemListElement":[{"@type":"ListItem","position":1,"name":"Shop On line","item":"https:\/\/cuciroma.com\/shop\/"},{"@type":"ListItem","position":2,"name":"Brother Innov-is 35"}]},{"@type":"WebSite","@id":"https:\/\/cuciroma.com\/#website","url":"https:\/\/cuciroma.com\/","name":"Cuciroma | Macchine da cucire e accessori per il ricamo","description":"Rivenditore e Assistenza autorizzata Macchine da Cucire Professionali","publisher":{"@id":"https:\/\/cuciroma.com\/#organization"},"potentialAction":[{"@type":"SearchAction","target":{"@type":"EntryPoint","urlTemplate":"https:\/\/cuciroma.com\/?s={search_term_string}"},"query-input":{"@type":"PropertyValueSpecification","valueRequired":true,"valueName":"search_term_string"}}],"inLanguage":"en-US"},{"@type":"Organization","@id":"https:\/\/cuciroma.com\/#organization","name":"Cuciroma","url":"https:\/\/cuciroma.com\/","logo":{"@type":"ImageObject","inLanguage":"en-US","@id":"https:\/\/cuciroma.com\/#\/schema\/logo\/image\/","url":"https:\/\/cuciroma.com\/wp-content\/uploads\/2020\/07\/logo-cuciroma.png","contentUrl":"https:\/\/cuciroma.com\/wp-content\/uploads\/2020\/07\/logo-cuciroma.png","width":565,"height":159,"caption":"Cuciroma"},"image":{"@id":"https:\/\/cuciroma.com\/#\/schema\/logo\/image\/"},"sameAs":["https:\/\/www.facebook.com\/cuciroma\/","https:\/\/www.instagram.com\/cuciroma\/"]}]}},"df_price":397,"df_sale_price":"","df_regular_price":397,"df_image_link":"https:\/\/cuciroma.com\/wp-content\/uploads\/woocommerce-placeholder-300x300.png","_links":{"self":[{"href":"https:\/\/cuciroma.com\/en\/wp-json\/wp\/v2\/product\/6003","targetHints":{"allow":["GET"]}}],"collection":[{"href":"https:\/\/cuciroma.com\/en\/wp-json\/wp\/v2\/product"}],"about":[{"href":"https:\/\/cuciroma.com\/en\/wp-json\/wp\/v2\/types\/product"}],"replies":[{"embeddable":true,"href":"https:\/\/cuciroma.com\/en\/wp-json\/wp\/v2\/comments?post=6003"}],"wp:attachment":[{"href":"https:\/\/cuciroma.com\/en\/wp-json\/wp\/v2\/media?parent=6003"}],"wp:term":[{"taxonomy":"product_brand","embeddable":true,"href":"https:\/\/cuciroma.com\/en\/wp-json\/wp\/v2\/product_brand?post=6003"},{"taxonomy":"product_cat","embeddable":true,"href":"https:\/\/cuciroma.com\/en\/wp-json\/wp\/v2\/product_cat?post=6003"},{"taxonomy":"product_tag","embeddable":true,"href":"https:\/\/cuciroma.com\/en\/wp-json\/wp\/v2\/product_tag?post=6003"}],"curies":[{"name":"wp","href":"https:\/\/api.w.org\/{rel}","templated":true}]}}