{"id":5994,"date":"2015-10-01T18:04:50","date_gmt":"2015-10-01T16:04:50","guid":{"rendered":"https:\/\/cuciroma.com\/prodotto\/brother-innov-is-1100-2\/"},"modified":"2025-01-11T16:12:01","modified_gmt":"2025-01-11T15:12:01","slug":"brother-innov-is-1100","status":"publish","type":"product","link":"https:\/\/cuciroma.com\/en\/prodotto\/brother-innov-is-1100\/","title":{"rendered":"Brother Innov-is NV1100"},"content":{"rendered":"<p><a href=\"https:\/\/cuciroma.com\/wp-content\/uploads\/2017\/09\/telefono-rosso1.jpg\"><img loading=\"lazy\" decoding=\"async\" class=\" size-full wp-image-13539 aligncenter\" src=\"https:\/\/cuciroma.com\/wp-content\/uploads\/2017\/09\/telefono-rosso1.jpg\" alt=\"telefono rosso\" width=\"131\" height=\"138\" \/><\/a><br \/>\nMacchina per cucire elettronica. 140 punti incorporati che ti offrono una vasta scelta di punti utilit\u00e0 e punti decorativi idonei ad ogni lavoro che ti suggerisce la tua fantasia. 10 tipi diversi di asole ad un tempo idonee per ogni tipo di tessuto e su ogni tipo di capo dove deve essere inserita. Con questa macchina puoi affrontare i progetti pi\u00f9 grandi con facilit\u00e0 e velocit\u00e0 grazie alla generosa area di lavoro (lavoro 210 millimetri a destra dell&#8217;ago) eccellente soprattutto per le trapunte o le tende. Attraverso lo schermo LCD puoi visualizzare il punto digitato e tutte le varianti di modifica per personalizzarlo; puoi inoltre salvare in memoria tutti i tuoi punti decorativi per un utilizzo futuro, compresi quelli creati da te con il My Custom Stitch. Tante le facilitazioni che la Brother mette a tua disposizione per donarti un cucito a prova di problemi: Auto infilatura semplice e rapido del filo nell&#8217;ago abbassando semplicemente una leva senza dover pi\u00f9 ricorrere agli occhiali. Sfds (Square Feed Drive Sistem) assicura un trasporto robusto ed efficace su ogni pesantezza di tessuto. Illuminazione LED eccellente per illuminare l&#8217;area di lavoro in modo efficace. Leva ginocchio per alzare\/abbassare il piedino mantenendo libere le vostre mani. Controllo della velocit\u00e0 di cucitura da lento a veloce, utilissimo per i progetti pi\u00f9 impegnativi. Ed inoltre tante e tante particolarit\u00e0 per il tuo cucito creativo dalle lettere all&#8217;immagine speculare del vostro modello ottenere una ancora maggiore variet\u00e0 di punti.<\/p>\n<p><strong><span style=\"color: #800000;\">Specifiche:<\/span><\/strong><\/p>\n<p>&#8211; 140 punti<br \/>\n&#8211; 10 asole automatiche<br \/>\n&#8211; Ampio spazio di lavoro (210mm)<br \/>\n&#8211; Schermo LCD<br \/>\n&#8211; Selezione diretta dei punti<br \/>\n&#8211; Cursore regolazione velocit\u00e0<br \/>\n&#8211; SFDS Sistema di trasporto<br \/>\n&#8211; Sistema FAST di avvolgimento bobina<br \/>\n&#8211; My Custom Stitch per la creazione dei punti decorativi<br \/>\n&#8211; Infilatura automatica dell\u2019ago<br \/>\n&#8211; Ginocchiera per sollevamento piedino.<\/p>\n<p><strong><span style=\"color: #800000;\">Accessori in dotazione:<\/span><\/strong><\/p>\n<div class=\"product-detail--content-group--wrapper\">\n<div class=\"product-detail--content-group--inner\">\n<section class=\"common-richtext component\">\n<ul>\n<li>Piedino \u2018J\u2018 per zigzag (sulla macchina)<\/li>\n<li>Piedino \u2018A\u2018 per asola<\/li>\n<li>Piedino \u2018G\u2019 per sopraggitto<\/li>\n<li>Piedino \u2018R\u2018 per punto invisibile<\/li>\n<li>Piedino \u2018I\u2018 per cerniere<\/li>\n<li>Piedino \u2018N\u2019 per monogrammi<\/li>\n<li>Piedino \u2018M\u2018 per bottoni<\/li>\n<li>Set griglia<\/li>\n<li>Bustina accessori<\/li>\n<li>Taglia asole<\/li>\n<li>Set aghi<\/li>\n<li>4 Bobine (una sulla macchina)<\/li>\n<li>Spazzolino di pulizia<\/li>\n<li>Ferma rocchetto (grande) x1<\/li>\n<li>Ferma rocchetto (medio) x2<\/li>\n<li>Ferma rocchetto (piccolo) x1<\/li>\n<li>Retina per rocchetto<\/li>\n<li>Cacciavite (grande)<\/li>\n<li>Punzone per occhielli<\/li>\n<li>Porta rocchetti orizzontale<\/li>\n<li>Ago gemello<\/li>\n<li>Cacciavite a L<\/li>\n<li>Cacciavite a disco<\/li>\n<li>&#8220;Inserto per rocchetto<\/li>\n<li>(rocchetto mini king)&#8221;<\/li>\n<li>Pedale reostato<\/li>\n<li>Ginocchiera<\/li>\n<li>Custodia rigida<\/li>\n<li>Manuale di funzionamento<\/li>\n<li>Guida rapida<\/li>\n<\/ul>\n<\/section>\n<\/div>\n<\/div>\n","protected":false},"excerpt":{"rendered":"<p>Macchina per cucire elettronica. <strong>140 punti incorporati<\/strong> che ti offrono una vasta scelta di punti utilit\u00e0 e punti decorativi idonei ad ogni lavoro che ti suggerisce la tua fantasia. <strong>10 tipi diversi di asole<\/strong> ad un tempo idonee per ogni tipo di tessuto e su ogni tipo di capo dove deve essere inserita. Con questa macchina puoi affrontare i progetti pi\u00f9 grandi con facilit\u00e0 e velocit\u00e0 grazie alla generosa area di lavoro.<strong><br \/>\n<\/strong><\/p>\n","protected":false},"featured_media":10241,"comment_status":"closed","ping_status":"closed","template":"","meta":[],"product_brand":[],"product_cat":[154],"product_tag":[],"class_list":{"0":"post-5994","1":"product","2":"type-product","3":"status-publish","4":"has-post-thumbnail","6":"product_cat-brother-elettroniche-en","7":"pa_trovaprezzi-pubblicato-en","9":"first","10":"instock","11":"taxable","12":"shipping-taxable","13":"purchasable","14":"product-type-simple"},"yoast_head":"<!-- This site is optimized with the Yoast SEO plugin v27.2 - https:\/\/yoast.com\/product\/yoast-seo-wordpress\/ -->\n<title>Brother Innov-is NV1100 - Cuciroma | Macchine da cucire e accessori per il ricamo<\/title>\n<meta name=\"description\" content=\"Macchina per cucire elettronica. 140 punti incorporati che ti offrono una vasta scelta di punti utilit\u00e0 e punti decorativi idonei ad ogni lavoro.\" \/>\n<meta name=\"robots\" content=\"index, follow, max-snippet:-1, max-image-preview:large, max-video-preview:-1\" \/>\n<link rel=\"canonical\" href=\"https:\/\/cuciroma.com\/prodotto\/brother-innov-is-1100\/\" \/>\n<meta property=\"og:locale\" content=\"en_US\" \/>\n<meta property=\"og:type\" content=\"article\" \/>\n<meta property=\"og:title\" content=\"Brother Innov-is NV1100 - Cuciroma | Macchine da cucire e accessori per il ricamo\" \/>\n<meta property=\"og:description\" content=\"Macchina per cucire elettronica. 140 punti incorporati che ti offrono una vasta scelta di punti utilit\u00e0 e punti decorativi idonei ad ogni lavoro.\" \/>\n<meta property=\"og:url\" content=\"https:\/\/cuciroma.com\/prodotto\/brother-innov-is-1100\/\" \/>\n<meta property=\"og:site_name\" content=\"Cuciroma | Macchine da cucire e accessori per il ricamo\" \/>\n<meta property=\"article:publisher\" content=\"https:\/\/www.facebook.com\/cuciroma\/\" \/>\n<meta property=\"article:modified_time\" content=\"2025-01-11T15:12:01+00:00\" \/>\n<meta property=\"og:image\" content=\"https:\/\/cuciroma.com\/wp-content\/uploads\/2015\/10\/brother-innovis-1100.jpg\" \/>\n\t<meta property=\"og:image:width\" content=\"650\" \/>\n\t<meta property=\"og:image:height\" content=\"650\" \/>\n\t<meta property=\"og:image:type\" content=\"image\/jpeg\" \/>\n<meta name=\"twitter:card\" content=\"summary_large_image\" \/>\n<meta name=\"twitter:label1\" content=\"Est. reading time\" \/>\n\t<meta name=\"twitter:data1\" content=\"2 minutes\" \/>\n<script type=\"application\/ld+json\" class=\"yoast-schema-graph\">{\"@context\":\"https:\/\/schema.org\",\"@graph\":[{\"@type\":\"WebPage\",\"@id\":\"https:\/\/cuciroma.com\/prodotto\/brother-innov-is-1100\/\",\"url\":\"https:\/\/cuciroma.com\/prodotto\/brother-innov-is-1100\/\",\"name\":\"Brother Innov-is NV1100 - Cuciroma | Macchine da cucire e accessori per il ricamo\",\"isPartOf\":{\"@id\":\"https:\/\/cuciroma.com\/#website\"},\"primaryImageOfPage\":{\"@id\":\"https:\/\/cuciroma.com\/prodotto\/brother-innov-is-1100\/#primaryimage\"},\"image\":{\"@id\":\"https:\/\/cuciroma.com\/prodotto\/brother-innov-is-1100\/#primaryimage\"},\"thumbnailUrl\":\"https:\/\/cuciroma.com\/wp-content\/uploads\/2015\/10\/brother-innovis-1100.jpg\",\"datePublished\":\"2015-10-01T16:04:50+00:00\",\"dateModified\":\"2025-01-11T15:12:01+00:00\",\"description\":\"Macchina per cucire elettronica. 140 punti incorporati che ti offrono una vasta scelta di punti utilit\u00e0 e punti decorativi idonei ad ogni lavoro.\",\"breadcrumb\":{\"@id\":\"https:\/\/cuciroma.com\/prodotto\/brother-innov-is-1100\/#breadcrumb\"},\"inLanguage\":\"en-US\",\"potentialAction\":[{\"@type\":\"ReadAction\",\"target\":[\"https:\/\/cuciroma.com\/prodotto\/brother-innov-is-1100\/\"]}]},{\"@type\":\"ImageObject\",\"inLanguage\":\"en-US\",\"@id\":\"https:\/\/cuciroma.com\/prodotto\/brother-innov-is-1100\/#primaryimage\",\"url\":\"https:\/\/cuciroma.com\/wp-content\/uploads\/2015\/10\/brother-innovis-1100.jpg\",\"contentUrl\":\"https:\/\/cuciroma.com\/wp-content\/uploads\/2015\/10\/brother-innovis-1100.jpg\",\"width\":650,\"height\":650},{\"@type\":\"BreadcrumbList\",\"@id\":\"https:\/\/cuciroma.com\/prodotto\/brother-innov-is-1100\/#breadcrumb\",\"itemListElement\":[{\"@type\":\"ListItem\",\"position\":1,\"name\":\"Shop On line\",\"item\":\"https:\/\/cuciroma.com\/shop\/\"},{\"@type\":\"ListItem\",\"position\":2,\"name\":\"Brother Innov-is NV1100\"}]},{\"@type\":\"WebSite\",\"@id\":\"https:\/\/cuciroma.com\/#website\",\"url\":\"https:\/\/cuciroma.com\/\",\"name\":\"Cuciroma | Macchine da cucire e accessori per il ricamo\",\"description\":\"Rivenditore e Assistenza autorizzata Macchine da Cucire Professionali\",\"publisher\":{\"@id\":\"https:\/\/cuciroma.com\/#organization\"},\"potentialAction\":[{\"@type\":\"SearchAction\",\"target\":{\"@type\":\"EntryPoint\",\"urlTemplate\":\"https:\/\/cuciroma.com\/?s={search_term_string}\"},\"query-input\":{\"@type\":\"PropertyValueSpecification\",\"valueRequired\":true,\"valueName\":\"search_term_string\"}}],\"inLanguage\":\"en-US\"},{\"@type\":\"Organization\",\"@id\":\"https:\/\/cuciroma.com\/#organization\",\"name\":\"Cuciroma\",\"url\":\"https:\/\/cuciroma.com\/\",\"logo\":{\"@type\":\"ImageObject\",\"inLanguage\":\"en-US\",\"@id\":\"https:\/\/cuciroma.com\/#\/schema\/logo\/image\/\",\"url\":\"https:\/\/cuciroma.com\/wp-content\/uploads\/2020\/07\/logo-cuciroma.png\",\"contentUrl\":\"https:\/\/cuciroma.com\/wp-content\/uploads\/2020\/07\/logo-cuciroma.png\",\"width\":565,\"height\":159,\"caption\":\"Cuciroma\"},\"image\":{\"@id\":\"https:\/\/cuciroma.com\/#\/schema\/logo\/image\/\"},\"sameAs\":[\"https:\/\/www.facebook.com\/cuciroma\/\",\"https:\/\/www.instagram.com\/cuciroma\/\"]}]}<\/script>\n<!-- \/ Yoast SEO plugin. -->","yoast_head_json":{"title":"Brother Innov-is NV1100 - Cuciroma | Macchine da cucire e accessori per il ricamo","description":"Macchina per cucire elettronica. 140 punti incorporati che ti offrono una vasta scelta di punti utilit\u00e0 e punti decorativi idonei ad ogni lavoro.","robots":{"index":"index","follow":"follow","max-snippet":"max-snippet:-1","max-image-preview":"max-image-preview:large","max-video-preview":"max-video-preview:-1"},"canonical":"https:\/\/cuciroma.com\/prodotto\/brother-innov-is-1100\/","og_locale":"en_US","og_type":"article","og_title":"Brother Innov-is NV1100 - Cuciroma | Macchine da cucire e accessori per il ricamo","og_description":"Macchina per cucire elettronica. 140 punti incorporati che ti offrono una vasta scelta di punti utilit\u00e0 e punti decorativi idonei ad ogni lavoro.","og_url":"https:\/\/cuciroma.com\/prodotto\/brother-innov-is-1100\/","og_site_name":"Cuciroma | Macchine da cucire e accessori per il ricamo","article_publisher":"https:\/\/www.facebook.com\/cuciroma\/","article_modified_time":"2025-01-11T15:12:01+00:00","og_image":[{"width":650,"height":650,"url":"https:\/\/cuciroma.com\/wp-content\/uploads\/2015\/10\/brother-innovis-1100.jpg","type":"image\/jpeg"}],"twitter_card":"summary_large_image","twitter_misc":{"Est. reading time":"2 minutes"},"schema":{"@context":"https:\/\/schema.org","@graph":[{"@type":"WebPage","@id":"https:\/\/cuciroma.com\/prodotto\/brother-innov-is-1100\/","url":"https:\/\/cuciroma.com\/prodotto\/brother-innov-is-1100\/","name":"Brother Innov-is NV1100 - Cuciroma | Macchine da cucire e accessori per il ricamo","isPartOf":{"@id":"https:\/\/cuciroma.com\/#website"},"primaryImageOfPage":{"@id":"https:\/\/cuciroma.com\/prodotto\/brother-innov-is-1100\/#primaryimage"},"image":{"@id":"https:\/\/cuciroma.com\/prodotto\/brother-innov-is-1100\/#primaryimage"},"thumbnailUrl":"https:\/\/cuciroma.com\/wp-content\/uploads\/2015\/10\/brother-innovis-1100.jpg","datePublished":"2015-10-01T16:04:50+00:00","dateModified":"2025-01-11T15:12:01+00:00","description":"Macchina per cucire elettronica. 140 punti incorporati che ti offrono una vasta scelta di punti utilit\u00e0 e punti decorativi idonei ad ogni lavoro.","breadcrumb":{"@id":"https:\/\/cuciroma.com\/prodotto\/brother-innov-is-1100\/#breadcrumb"},"inLanguage":"en-US","potentialAction":[{"@type":"ReadAction","target":["https:\/\/cuciroma.com\/prodotto\/brother-innov-is-1100\/"]}]},{"@type":"ImageObject","inLanguage":"en-US","@id":"https:\/\/cuciroma.com\/prodotto\/brother-innov-is-1100\/#primaryimage","url":"https:\/\/cuciroma.com\/wp-content\/uploads\/2015\/10\/brother-innovis-1100.jpg","contentUrl":"https:\/\/cuciroma.com\/wp-content\/uploads\/2015\/10\/brother-innovis-1100.jpg","width":650,"height":650},{"@type":"BreadcrumbList","@id":"https:\/\/cuciroma.com\/prodotto\/brother-innov-is-1100\/#breadcrumb","itemListElement":[{"@type":"ListItem","position":1,"name":"Shop On line","item":"https:\/\/cuciroma.com\/shop\/"},{"@type":"ListItem","position":2,"name":"Brother Innov-is NV1100"}]},{"@type":"WebSite","@id":"https:\/\/cuciroma.com\/#website","url":"https:\/\/cuciroma.com\/","name":"Cuciroma | Macchine da cucire e accessori per il ricamo","description":"Rivenditore e Assistenza autorizzata Macchine da Cucire Professionali","publisher":{"@id":"https:\/\/cuciroma.com\/#organization"},"potentialAction":[{"@type":"SearchAction","target":{"@type":"EntryPoint","urlTemplate":"https:\/\/cuciroma.com\/?s={search_term_string}"},"query-input":{"@type":"PropertyValueSpecification","valueRequired":true,"valueName":"search_term_string"}}],"inLanguage":"en-US"},{"@type":"Organization","@id":"https:\/\/cuciroma.com\/#organization","name":"Cuciroma","url":"https:\/\/cuciroma.com\/","logo":{"@type":"ImageObject","inLanguage":"en-US","@id":"https:\/\/cuciroma.com\/#\/schema\/logo\/image\/","url":"https:\/\/cuciroma.com\/wp-content\/uploads\/2020\/07\/logo-cuciroma.png","contentUrl":"https:\/\/cuciroma.com\/wp-content\/uploads\/2020\/07\/logo-cuciroma.png","width":565,"height":159,"caption":"Cuciroma"},"image":{"@id":"https:\/\/cuciroma.com\/#\/schema\/logo\/image\/"},"sameAs":["https:\/\/www.facebook.com\/cuciroma\/","https:\/\/www.instagram.com\/cuciroma\/"]}]}},"df_price":1149,"df_sale_price":"","df_regular_price":1149,"df_image_link":"https:\/\/cuciroma.com\/wp-content\/uploads\/2015\/10\/brother-innovis-1100-300x300.jpg","_links":{"self":[{"href":"https:\/\/cuciroma.com\/en\/wp-json\/wp\/v2\/product\/5994","targetHints":{"allow":["GET"]}}],"collection":[{"href":"https:\/\/cuciroma.com\/en\/wp-json\/wp\/v2\/product"}],"about":[{"href":"https:\/\/cuciroma.com\/en\/wp-json\/wp\/v2\/types\/product"}],"replies":[{"embeddable":true,"href":"https:\/\/cuciroma.com\/en\/wp-json\/wp\/v2\/comments?post=5994"}],"wp:featuredmedia":[{"embeddable":true,"href":"https:\/\/cuciroma.com\/en\/wp-json\/wp\/v2\/media\/10241"}],"wp:attachment":[{"href":"https:\/\/cuciroma.com\/en\/wp-json\/wp\/v2\/media?parent=5994"}],"wp:term":[{"taxonomy":"product_brand","embeddable":true,"href":"https:\/\/cuciroma.com\/en\/wp-json\/wp\/v2\/product_brand?post=5994"},{"taxonomy":"product_cat","embeddable":true,"href":"https:\/\/cuciroma.com\/en\/wp-json\/wp\/v2\/product_cat?post=5994"},{"taxonomy":"product_tag","embeddable":true,"href":"https:\/\/cuciroma.com\/en\/wp-json\/wp\/v2\/product_tag?post=5994"}],"curies":[{"name":"wp","href":"https:\/\/api.w.org\/{rel}","templated":true}]}}