{"id":5985,"date":"2015-10-01T19:07:04","date_gmt":"2015-10-01T17:07:04","guid":{"rendered":"https:\/\/cuciroma.com\/prodotto\/brother-innov-is-nv-1800q-2\/"},"modified":"2024-05-24T09:41:24","modified_gmt":"2024-05-24T07:41:24","slug":"brother-innov-is-nv-1800q","status":"publish","type":"product","link":"https:\/\/cuciroma.com\/en\/prodotto\/brother-innov-is-nv-1800q\/","title":{"rendered":"Brother Innov-is NV 1800Q"},"content":{"rendered":"<p><a href=\"https:\/\/cuciroma.com\/wp-content\/uploads\/2017\/09\/telefono-rosso1.jpg\"><img loading=\"lazy\" decoding=\"async\" class=\" size-full wp-image-13539 aligncenter\" src=\"https:\/\/cuciroma.com\/wp-content\/uploads\/2017\/09\/telefono-rosso1.jpg\" alt=\"telefono rosso\" width=\"131\" height=\"138\" \/><\/a><br \/>\nMacchina per cucire elettronica. 232 punti. 99 punti utili, tra cui 10 diverse asole ad uno step, 133 punti decorativi, 5 font incorporati (3 alfabetico, 1 cirillico, 1 giapponese). La Innov-is NV1800Q \u00e8 perfetta per creare meravigliose trapunte ed eccezionali progetti grazie alle sue funzionalit\u00e0 avanzate. Attraverso il display LCD con la selezione diretta, \u00e8 possibile visualizzare il punto selezionato e preimpostato ed \u00e8 anche possibile modificarlo regolandone la lunghezza, la larghezza e la tensione. Oltre ai tanti punti a disposizione c\u2019\u00e8 anche la possibilit\u00e0 attraverso \u201cMy Custom Stitch\u201d di progettare i propri disegni decorativi e salvarli nella memoria. La macchina \u00e8 poi munita di una serie innumerevole di agevolazioni per regalarti un cucito tranquillo e senza problemi. Il sistema di infilatura ago avanzata per non avere pi\u00f9 noiosi problemi durante il lavoro \u00e8 solo uno di questi. Il selettore per il controllo della velocit\u00e0 di cucitura ti aiuta a gestire il cucito nei punti difficili cos\u00ec come il braccio libero e la leva ginocchio necessaria per alzare\/abbassare il piedino mantenendo le mani sul lavoro. Il sistema ICAPS rileva continuamente lo spessore del tessuto durante la cucitura e regola automaticamente la pressione per garantire la qualit\u00e0 anche dei punti su diversi spessori di tessuto. E ancora l\u2019 SFDS ( Square Feed Drive System) assicura un trasporto fluido e uniforme per su ogni tipo di tessuto.<\/p>\n<p><span style=\"color: #800000;\"><strong>Specifiche:<\/strong><\/span><\/p>\n<p>&#8211; 232 punti<br \/>\n&#8211; Lo spazio di lavoro 210 millimetri<br \/>\n&#8211; Uno stili passo asole<br \/>\n&#8211; Infilaggio automatico ago<br \/>\n&#8211; Set bobina rapida<br \/>\n&#8211; Funzione pivot<br \/>\n&#8211; ICAPS<br \/>\n&#8211; LED di cucitura<br \/>\n&#8211; Bottone piedino<br \/>\n&#8211; Sfds<br \/>\n&#8211; Abbassamento alimentatore<br \/>\n&#8211; Veloce sistema di avvolgimento della bobina<br \/>\n&#8211; Posizione di arresto dell&#8217;ago<br \/>\n&#8211; Pulsante punto annodato<br \/>\n&#8211; Schermo LCD<br \/>\n&#8211; Custodia rigida<br \/>\n&#8211; Controllo della velocit\u00e0 scivolo<br \/>\n&#8211; Selezione modalit\u00e0 ago<br \/>\n&#8211; Maiuscole e lettere pi\u00f9 basso<br \/>\n&#8211; La combinazione di modelli<br \/>\n&#8211; Imaging specchio<br \/>\n&#8211; Ginocchio ascensore<\/p>\n<p><strong><span style=\"color: #800000;\">Accessori in dotazione:<\/span><\/strong><\/p>\n<div class=\"product-detail--content-group--wrapper\">\n<div class=\"product-detail--content-group--inner\">\n<section class=\"common-richtext component\">\n<ul>\n<li>Piedino aperto \u2018O\u2019 per quilting a mano libera<\/li>\n<li>Piedino \u2018E\u2019 per quilting echo a mano libera<\/li>\n<li>Piedino \u2018C\u2019 per quilting a mano libera<\/li>\n<li>Piedino doppio trasporto<\/li>\n<li>Piedino per quilting da 1\/4&#8243;(con guida)<\/li>\n<li>Guida per quilting<\/li>\n<li>Piedino \u2018P\u2019 guida punti<\/li>\n<li>Piedino regolabile per cerniere\/cordoncini<\/li>\n<li>Piedino antiaderente<\/li>\n<li>Piedino aperto<\/li>\n<li>Piedino \u2018J\u2018 per zigzag (sulla macchina)<\/li>\n<li>Piedino \u2018A\u2018 per asola<\/li>\n<li>Piedino \u2018G\u2019 per sopraggitto<\/li>\n<li>Piedino \u2018R\u2018 per punto invisibile<\/li>\n<li>Piedino \u2018I\u2018 per cerniere<\/li>\n<li>Piedino \u2018N\u2019 per monogrammi<\/li>\n<li>Piedino \u2018M\u2018 per bottoni<\/li>\n<li>Set griglia<\/li>\n<li>Bustinaaccessori<\/li>\n<li>Taglia asole<\/li>\n<li>Set di aghi<\/li>\n<li>4 bobine<\/li>\n<li>Spazzolino di pulizia<\/li>\n<li>Ferma rocchetto (grande)<\/li>\n<li>Ferma rocchetto (medio) x2<\/li>\n<li>Ferma rocchetto (piccolo)<\/li>\n<li>Retina per rocchetto<\/li>\n<li>Ginocchiera<\/li>\n<li>Inserto per rocchetto (rocchetto mini king)<\/li>\n<li>Pedale reostato<\/li>\n<li>Ampio tavolo<\/li>\n<li>Custodia rigida<\/li>\n<\/ul>\n<\/section>\n<\/div>\n<\/div>\n","protected":false},"excerpt":{"rendered":"<p>Macchina per cucire elettronica. <strong>232 punti. 99 punti utili, tra cui 10 diverse asole ad uno step, 133 punti decorativi, 5 font incorporati (3 alfabetico, 1 cirillico, 1 giapponese).<\/strong> La Innov-is NV1800Q \u00e8 perfetta per creare meravigliose trapunte ed eccezionali progetti grazie alle sue funzionalit\u00e0 avanzate. Attraverso il display LCD con la selezione diretta, \u00e8 possibile visualizzare il punto selezionato e preimpostato ed \u00e8 anche possibile modificarlo regolandone la lunghezza, la larghezza e la tensione.<\/p>\n","protected":false},"featured_media":10237,"comment_status":"closed","ping_status":"closed","template":"","meta":[],"product_brand":[],"product_cat":[154],"product_tag":[],"class_list":{"0":"post-5985","1":"product","2":"type-product","3":"status-publish","4":"has-post-thumbnail","6":"product_cat-brother-elettroniche-en","7":"pa_trovaprezzi-pubblicato-en","9":"first","10":"instock","11":"taxable","12":"shipping-taxable","13":"purchasable","14":"product-type-simple"},"yoast_head":"<!-- This site is optimized with the Yoast SEO plugin v27.2 - https:\/\/yoast.com\/product\/yoast-seo-wordpress\/ -->\n<title>Brother Innov-is NV 1800Q - Cuciroma | Macchine da cucire e accessori per il ricamo<\/title>\n<meta name=\"robots\" content=\"index, follow, max-snippet:-1, max-image-preview:large, max-video-preview:-1\" \/>\n<link rel=\"canonical\" href=\"https:\/\/cuciroma.com\/en\/prodotto\/brother-innov-is-nv-1800q\/\" \/>\n<meta property=\"og:locale\" content=\"en_US\" \/>\n<meta property=\"og:type\" content=\"article\" \/>\n<meta property=\"og:title\" content=\"Brother Innov-is NV 1800Q - Cuciroma | Macchine da cucire e accessori per il ricamo\" \/>\n<meta property=\"og:description\" content=\"Macchina per cucire elettronica. 232 punti. 99 punti utili, tra cui 10 diverse asole ad uno step, 133 punti decorativi, 5 font incorporati (3 alfabetico, 1 cirillico, 1 giapponese). La Innov-is NV1800Q \u00e8 perfetta per creare meravigliose trapunte ed eccezionali progetti grazie alle sue funzionalit\u00e0 avanzate. Attraverso il display LCD con la selezione diretta, \u00e8 possibile visualizzare il punto selezionato e preimpostato ed \u00e8 anche possibile modificarlo regolandone la lunghezza, la larghezza e la tensione.\" \/>\n<meta property=\"og:url\" content=\"https:\/\/cuciroma.com\/en\/prodotto\/brother-innov-is-nv-1800q\/\" \/>\n<meta property=\"og:site_name\" content=\"Cuciroma | Macchine da cucire e accessori per il ricamo\" \/>\n<meta property=\"article:publisher\" content=\"https:\/\/www.facebook.com\/cuciroma\/\" \/>\n<meta property=\"article:modified_time\" content=\"2024-05-24T07:41:24+00:00\" \/>\n<meta property=\"og:image\" content=\"https:\/\/cuciroma.com\/wp-content\/uploads\/2015\/10\/brother-1800q.jpg\" \/>\n\t<meta property=\"og:image:width\" content=\"800\" \/>\n\t<meta property=\"og:image:height\" content=\"800\" \/>\n\t<meta property=\"og:image:type\" content=\"image\/jpeg\" \/>\n<meta name=\"twitter:card\" content=\"summary_large_image\" \/>\n<meta name=\"twitter:label1\" content=\"Est. reading time\" \/>\n\t<meta name=\"twitter:data1\" content=\"2 minutes\" \/>\n<script type=\"application\/ld+json\" class=\"yoast-schema-graph\">{\"@context\":\"https:\/\/schema.org\",\"@graph\":[{\"@type\":\"WebPage\",\"@id\":\"https:\/\/cuciroma.com\/en\/prodotto\/brother-innov-is-nv-1800q\/\",\"url\":\"https:\/\/cuciroma.com\/en\/prodotto\/brother-innov-is-nv-1800q\/\",\"name\":\"Brother Innov-is NV 1800Q - Cuciroma | Macchine da cucire e accessori per il ricamo\",\"isPartOf\":{\"@id\":\"https:\/\/cuciroma.com\/#website\"},\"primaryImageOfPage\":{\"@id\":\"https:\/\/cuciroma.com\/en\/prodotto\/brother-innov-is-nv-1800q\/#primaryimage\"},\"image\":{\"@id\":\"https:\/\/cuciroma.com\/en\/prodotto\/brother-innov-is-nv-1800q\/#primaryimage\"},\"thumbnailUrl\":\"https:\/\/cuciroma.com\/wp-content\/uploads\/2015\/10\/brother-1800q.jpg\",\"datePublished\":\"2015-10-01T17:07:04+00:00\",\"dateModified\":\"2024-05-24T07:41:24+00:00\",\"breadcrumb\":{\"@id\":\"https:\/\/cuciroma.com\/en\/prodotto\/brother-innov-is-nv-1800q\/#breadcrumb\"},\"inLanguage\":\"en-US\",\"potentialAction\":[{\"@type\":\"ReadAction\",\"target\":[\"https:\/\/cuciroma.com\/en\/prodotto\/brother-innov-is-nv-1800q\/\"]}]},{\"@type\":\"ImageObject\",\"inLanguage\":\"en-US\",\"@id\":\"https:\/\/cuciroma.com\/en\/prodotto\/brother-innov-is-nv-1800q\/#primaryimage\",\"url\":\"https:\/\/cuciroma.com\/wp-content\/uploads\/2015\/10\/brother-1800q.jpg\",\"contentUrl\":\"https:\/\/cuciroma.com\/wp-content\/uploads\/2015\/10\/brother-1800q.jpg\",\"width\":800,\"height\":800},{\"@type\":\"BreadcrumbList\",\"@id\":\"https:\/\/cuciroma.com\/en\/prodotto\/brother-innov-is-nv-1800q\/#breadcrumb\",\"itemListElement\":[{\"@type\":\"ListItem\",\"position\":1,\"name\":\"Shop On line\",\"item\":\"https:\/\/cuciroma.com\/shop\/\"},{\"@type\":\"ListItem\",\"position\":2,\"name\":\"Brother Innov-is NV 1800Q\"}]},{\"@type\":\"WebSite\",\"@id\":\"https:\/\/cuciroma.com\/#website\",\"url\":\"https:\/\/cuciroma.com\/\",\"name\":\"Cuciroma | Macchine da cucire e accessori per il ricamo\",\"description\":\"Rivenditore e Assistenza autorizzata Macchine da Cucire Professionali\",\"publisher\":{\"@id\":\"https:\/\/cuciroma.com\/#organization\"},\"potentialAction\":[{\"@type\":\"SearchAction\",\"target\":{\"@type\":\"EntryPoint\",\"urlTemplate\":\"https:\/\/cuciroma.com\/?s={search_term_string}\"},\"query-input\":{\"@type\":\"PropertyValueSpecification\",\"valueRequired\":true,\"valueName\":\"search_term_string\"}}],\"inLanguage\":\"en-US\"},{\"@type\":\"Organization\",\"@id\":\"https:\/\/cuciroma.com\/#organization\",\"name\":\"Cuciroma\",\"url\":\"https:\/\/cuciroma.com\/\",\"logo\":{\"@type\":\"ImageObject\",\"inLanguage\":\"en-US\",\"@id\":\"https:\/\/cuciroma.com\/#\/schema\/logo\/image\/\",\"url\":\"https:\/\/cuciroma.com\/wp-content\/uploads\/2020\/07\/logo-cuciroma.png\",\"contentUrl\":\"https:\/\/cuciroma.com\/wp-content\/uploads\/2020\/07\/logo-cuciroma.png\",\"width\":565,\"height\":159,\"caption\":\"Cuciroma\"},\"image\":{\"@id\":\"https:\/\/cuciroma.com\/#\/schema\/logo\/image\/\"},\"sameAs\":[\"https:\/\/www.facebook.com\/cuciroma\/\",\"https:\/\/www.instagram.com\/cuciroma\/\"]}]}<\/script>\n<!-- \/ Yoast SEO plugin. -->","yoast_head_json":{"title":"Brother Innov-is NV 1800Q - Cuciroma | Macchine da cucire e accessori per il ricamo","robots":{"index":"index","follow":"follow","max-snippet":"max-snippet:-1","max-image-preview":"max-image-preview:large","max-video-preview":"max-video-preview:-1"},"canonical":"https:\/\/cuciroma.com\/en\/prodotto\/brother-innov-is-nv-1800q\/","og_locale":"en_US","og_type":"article","og_title":"Brother Innov-is NV 1800Q - Cuciroma | Macchine da cucire e accessori per il ricamo","og_description":"Macchina per cucire elettronica. 232 punti. 99 punti utili, tra cui 10 diverse asole ad uno step, 133 punti decorativi, 5 font incorporati (3 alfabetico, 1 cirillico, 1 giapponese). La Innov-is NV1800Q \u00e8 perfetta per creare meravigliose trapunte ed eccezionali progetti grazie alle sue funzionalit\u00e0 avanzate. Attraverso il display LCD con la selezione diretta, \u00e8 possibile visualizzare il punto selezionato e preimpostato ed \u00e8 anche possibile modificarlo regolandone la lunghezza, la larghezza e la tensione.","og_url":"https:\/\/cuciroma.com\/en\/prodotto\/brother-innov-is-nv-1800q\/","og_site_name":"Cuciroma | Macchine da cucire e accessori per il ricamo","article_publisher":"https:\/\/www.facebook.com\/cuciroma\/","article_modified_time":"2024-05-24T07:41:24+00:00","og_image":[{"width":800,"height":800,"url":"https:\/\/cuciroma.com\/wp-content\/uploads\/2015\/10\/brother-1800q.jpg","type":"image\/jpeg"}],"twitter_card":"summary_large_image","twitter_misc":{"Est. reading time":"2 minutes"},"schema":{"@context":"https:\/\/schema.org","@graph":[{"@type":"WebPage","@id":"https:\/\/cuciroma.com\/en\/prodotto\/brother-innov-is-nv-1800q\/","url":"https:\/\/cuciroma.com\/en\/prodotto\/brother-innov-is-nv-1800q\/","name":"Brother Innov-is NV 1800Q - Cuciroma | Macchine da cucire e accessori per il ricamo","isPartOf":{"@id":"https:\/\/cuciroma.com\/#website"},"primaryImageOfPage":{"@id":"https:\/\/cuciroma.com\/en\/prodotto\/brother-innov-is-nv-1800q\/#primaryimage"},"image":{"@id":"https:\/\/cuciroma.com\/en\/prodotto\/brother-innov-is-nv-1800q\/#primaryimage"},"thumbnailUrl":"https:\/\/cuciroma.com\/wp-content\/uploads\/2015\/10\/brother-1800q.jpg","datePublished":"2015-10-01T17:07:04+00:00","dateModified":"2024-05-24T07:41:24+00:00","breadcrumb":{"@id":"https:\/\/cuciroma.com\/en\/prodotto\/brother-innov-is-nv-1800q\/#breadcrumb"},"inLanguage":"en-US","potentialAction":[{"@type":"ReadAction","target":["https:\/\/cuciroma.com\/en\/prodotto\/brother-innov-is-nv-1800q\/"]}]},{"@type":"ImageObject","inLanguage":"en-US","@id":"https:\/\/cuciroma.com\/en\/prodotto\/brother-innov-is-nv-1800q\/#primaryimage","url":"https:\/\/cuciroma.com\/wp-content\/uploads\/2015\/10\/brother-1800q.jpg","contentUrl":"https:\/\/cuciroma.com\/wp-content\/uploads\/2015\/10\/brother-1800q.jpg","width":800,"height":800},{"@type":"BreadcrumbList","@id":"https:\/\/cuciroma.com\/en\/prodotto\/brother-innov-is-nv-1800q\/#breadcrumb","itemListElement":[{"@type":"ListItem","position":1,"name":"Shop On line","item":"https:\/\/cuciroma.com\/shop\/"},{"@type":"ListItem","position":2,"name":"Brother Innov-is NV 1800Q"}]},{"@type":"WebSite","@id":"https:\/\/cuciroma.com\/#website","url":"https:\/\/cuciroma.com\/","name":"Cuciroma | Macchine da cucire e accessori per il ricamo","description":"Rivenditore e Assistenza autorizzata Macchine da Cucire Professionali","publisher":{"@id":"https:\/\/cuciroma.com\/#organization"},"potentialAction":[{"@type":"SearchAction","target":{"@type":"EntryPoint","urlTemplate":"https:\/\/cuciroma.com\/?s={search_term_string}"},"query-input":{"@type":"PropertyValueSpecification","valueRequired":true,"valueName":"search_term_string"}}],"inLanguage":"en-US"},{"@type":"Organization","@id":"https:\/\/cuciroma.com\/#organization","name":"Cuciroma","url":"https:\/\/cuciroma.com\/","logo":{"@type":"ImageObject","inLanguage":"en-US","@id":"https:\/\/cuciroma.com\/#\/schema\/logo\/image\/","url":"https:\/\/cuciroma.com\/wp-content\/uploads\/2020\/07\/logo-cuciroma.png","contentUrl":"https:\/\/cuciroma.com\/wp-content\/uploads\/2020\/07\/logo-cuciroma.png","width":565,"height":159,"caption":"Cuciroma"},"image":{"@id":"https:\/\/cuciroma.com\/#\/schema\/logo\/image\/"},"sameAs":["https:\/\/www.facebook.com\/cuciroma\/","https:\/\/www.instagram.com\/cuciroma\/"]}]}},"df_price":1899,"df_sale_price":"","df_regular_price":1899,"df_image_link":"https:\/\/cuciroma.com\/wp-content\/uploads\/2015\/10\/brother-1800q-300x300.jpg","_links":{"self":[{"href":"https:\/\/cuciroma.com\/en\/wp-json\/wp\/v2\/product\/5985","targetHints":{"allow":["GET"]}}],"collection":[{"href":"https:\/\/cuciroma.com\/en\/wp-json\/wp\/v2\/product"}],"about":[{"href":"https:\/\/cuciroma.com\/en\/wp-json\/wp\/v2\/types\/product"}],"replies":[{"embeddable":true,"href":"https:\/\/cuciroma.com\/en\/wp-json\/wp\/v2\/comments?post=5985"}],"wp:featuredmedia":[{"embeddable":true,"href":"https:\/\/cuciroma.com\/en\/wp-json\/wp\/v2\/media\/10237"}],"wp:attachment":[{"href":"https:\/\/cuciroma.com\/en\/wp-json\/wp\/v2\/media?parent=5985"}],"wp:term":[{"taxonomy":"product_brand","embeddable":true,"href":"https:\/\/cuciroma.com\/en\/wp-json\/wp\/v2\/product_brand?post=5985"},{"taxonomy":"product_cat","embeddable":true,"href":"https:\/\/cuciroma.com\/en\/wp-json\/wp\/v2\/product_cat?post=5985"},{"taxonomy":"product_tag","embeddable":true,"href":"https:\/\/cuciroma.com\/en\/wp-json\/wp\/v2\/product_tag?post=5985"}],"curies":[{"name":"wp","href":"https:\/\/api.w.org\/{rel}","templated":true}]}}