{"id":5930,"date":"2010-01-08T10:03:15","date_gmt":"2010-01-08T09:03:15","guid":{"rendered":"https:\/\/cuciroma.com\/rivenditore-macchine-da-cucire-roma-2\/"},"modified":"2024-07-27T16:54:20","modified_gmt":"2024-07-27T14:54:20","slug":"rivenditore-macchine-da-cucire-roma","status":"publish","type":"page","link":"https:\/\/cuciroma.com\/en\/rivenditore-macchine-da-cucire-roma\/","title":{"rendered":"CHI SIAMO"},"content":{"rendered":"<section class=\"section swatch-white-red  section-text-no-shadow section-inner-no-shadow section-normal section-opaque\"  data-label=\"\">\n    \n    <div class=\"background-overlay grid-overlay-0 \" style=\"background-color: rgba(0,0,0,0);\"><\/div>\n\n    <div class=\"container\">\n        <div class=\"row vertical-top\">\n            <div class=\"col-md-8     text-default small-screen-default\"  style=\"background:rgba(255,255,255,0.48);\"><header class=\"text-left  element-short-top element-short-bottom not-condensed\" data-os-animation=\"none\" data-os-animation-delay=\"0s\" >\n    <h1 class=\"normal regular no-bordered-header bordered-normal\" >\n        Maco di Grassitelli Fabrizio    <\/h1>\n            <p class=\"lead\" >Il nostro punto vendita presente dal 1960<\/p>\n    <\/header>\n[vc_raw_html]JTNDZGl2JTIwc3R5bGUlM0QlMjJ0ZXh0LWFsaWduJTNBJTIwY2VudGVyJTNCJTIyJTNFJTNDaWZyYW1lJTIwd2lkdGglM0QlMjI2NDAlMjIlMjBoZWlnaHQlM0QlMjIzNjAlMjIlMjBzcmMlM0QlMjJodHRwcyUzQSUyRiUyRnd3dy55b3V0dWJlLmNvbSUyRmVtYmVkJTJGdWlMSzFDUGsxZ0ElMjIlMjBmcmFtZWJvcmRlciUzRCUyMjAlMjIlMjBhbGxvdyUzRCUyMmF1dG9wbGF5JTNCJTIwZW5jcnlwdGVkLW1lZGlhJTIyJTIwYWxsb3dmdWxsc2NyZWVuJTNFJTNDJTJGaWZyYW1lJTNFJTNDJTJGZGl2JTNF[\/vc_raw_html]<div class=\" element-short-top element-short-bottom\" data-os-animation=\"none\" data-os-animation-delay=\"0s\">\n    <p style=\"text-align: justify;\">Negli oltre 50 anni d&#8217;attivit\u00e0 svolta sulla citt\u00e0 di Roma, sono stati proposti i migliori marchi di macchine per cucire.<\/p>\n<p style=\"text-align: justify;\">Rivenditore autorizzato Singer, Pfaff, Necchi, Elna, Husqvarna Viking, Janome, Juki, Brother, \u00a0ed altri marchi di macchine per cucire tra i pi\u00f9 prestigiosi in Italia, oggi possiamo dire di essere tra i pi\u00f9 importanti punti di riferimento per la clientela sul territorio.<\/p>\n<p style=\"text-align: justify;\"><span style=\"line-height: 1.5;\">La seriet\u00e0 e la correttezza che ci distingue consente di offrire i nostri servizi di vendita e assistenza ad alcune delle pi\u00f9 note case dell&#8217;alta moda italiana, presenti nella citt\u00e0 di Roma ed anche importanti laboratori di sartoria e stireria come quello presente nel carcere femminile di Rebibbia. <\/span><\/p>\n<p style=\"text-align: justify;\"><span style=\"line-height: 1.5;\">La nostra lunga esperienza e competenza nel settore delle macchine per cucire, cresciuta nell&#8217;arco degli anni ci permette di fornire alla clientela, prodotti di sicura qualit\u00e0 e affidabilit\u00e0.<\/span><span style=\"line-height: 1.5;\">Da qualche anno la ditta Maco da sempre attenta all&#8217;evoluzione del mercato \u00e8 diventata protagonista nel web con la vendita a prezzi concorrenziali dei suoi prodotti.<\/span><\/p>\n<\/div>[vc_empty_space height=&#8221;50px&#8221;]<\/div><div class=\"col-md-4     text-default small-screen-default\"  style=\"background:rgba(255,255,255,0.48);\">[vc_empty_space height=&#8221;32px&#8221;]<div class=\"row \"><div class=\"col-md-6     text-default small-screen-default\"  ><div class=\"figure  element-no-top element-short-bottom image-filter-none image-filter-onhover fade-in text-center figcaption-middle normalwidth\" data-os-animation=\"none\" data-os-animation-delay=\"0s\">\n            <a href=\"https:\/\/cuciroma.com\/wp-content\/uploads\/2010\/01\/singer-logo1.jpg\" class=\"figure-image magnific image-all\" data-links=\"\" target=\"_self\">\n    \n    <img decoding=\"async\" src=\"https:\/\/cuciroma.com\/wp-content\/uploads\/2010\/01\/singer-logo1-150x150.jpg\"   class=\"normalwidth\" \/>    \n            <\/a>\n    \n<\/div><\/div><div class=\"col-md-6     text-default small-screen-default\"  ><div class=\"figure  element-no-top element-short-bottom image-filter-none image-filter-onhover fade-in text-center figcaption-middle normalwidth\" data-os-animation=\"none\" data-os-animation-delay=\"0s\">\n            <a href=\"https:\/\/cuciroma.com\/wp-content\/uploads\/2010\/01\/elna-logo.jpg\" class=\"figure-image magnific image-all\" data-links=\"\" target=\"_self\">\n    \n    <img decoding=\"async\" src=\"https:\/\/cuciroma.com\/wp-content\/uploads\/2010\/01\/elna-logo-150x150.jpg\"   class=\"normalwidth\" \/>    \n            <\/a>\n    \n<\/div><\/div><\/div><div class=\"row \"><div class=\"col-md-6     text-default small-screen-default\"  ><div class=\"figure  element-no-top element-short-bottom image-filter-none image-filter-onhover fade-in text-center figcaption-middle normalwidth\" data-os-animation=\"none\" data-os-animation-delay=\"0s\">\n            <a href=\"https:\/\/cuciroma.com\/wp-content\/uploads\/2010\/01\/pfaff-logo.jpg\" class=\"figure-image magnific image-all\" data-links=\"\" target=\"_self\">\n    \n    <img decoding=\"async\" src=\"https:\/\/cuciroma.com\/wp-content\/uploads\/2010\/01\/pfaff-logo-150x150.jpg\"   class=\"normalwidth\" \/>    \n            <\/a>\n    \n<\/div><\/div><div class=\"col-md-6     text-default small-screen-default\"  ><div class=\"figure  element-no-top element-short-bottom image-filter-none image-filter-onhover fade-in text-center figcaption-middle normalwidth\" data-os-animation=\"none\" data-os-animation-delay=\"0s\">\n            <a href=\"https:\/\/cuciroma.com\/wp-content\/uploads\/2010\/01\/necchi-logo.jpg\" class=\"figure-image magnific image-all\" data-links=\"\" target=\"_self\">\n    \n    <img decoding=\"async\" src=\"https:\/\/cuciroma.com\/wp-content\/uploads\/2010\/01\/necchi-logo-150x150.jpg\"   class=\"normalwidth\" \/>    \n            <\/a>\n    \n<\/div><\/div><\/div><div class=\"row \"><div class=\"col-md-6     text-default small-screen-default\"  ><div class=\"figure  element-no-top element-short-bottom image-filter-none image-filter-onhover fade-in text-center figcaption-middle normalwidth\" data-os-animation=\"none\" data-os-animation-delay=\"0s\">\n            <a href=\"https:\/\/cuciroma.com\/wp-content\/uploads\/2010\/01\/juki-logo.jpg\" class=\"figure-image magnific image-all\" data-links=\"\" target=\"_self\">\n    \n    <img decoding=\"async\" src=\"https:\/\/cuciroma.com\/wp-content\/uploads\/2010\/01\/juki-logo-150x150.jpg\"   class=\"normalwidth\" \/>    \n            <\/a>\n    \n<\/div><\/div><div class=\"col-md-6     text-default small-screen-default\"  ><div class=\"figure  element-no-top element-short-bottom image-filter-none image-filter-onhover fade-in text-center figcaption-middle normalwidth\" data-os-animation=\"none\" data-os-animation-delay=\"0s\">\n            <a href=\"https:\/\/cuciroma.com\/wp-content\/uploads\/2010\/01\/husqvarna-logo.jpg\" class=\"figure-image magnific image-all\" data-links=\"\" target=\"_self\">\n    \n    <img decoding=\"async\" src=\"https:\/\/cuciroma.com\/wp-content\/uploads\/2010\/01\/husqvarna-logo-150x150.jpg\"   class=\"normalwidth\" \/>    \n            <\/a>\n    \n<\/div><\/div><\/div><div class=\"row \"><div class=\"col-md-6     text-default small-screen-default\"  ><div class=\"figure  element-no-top element-no-bottom image-filter-none image-filter-onhover fade-in text-center figcaption-middle normalwidth\" data-os-animation=\"none\" data-os-animation-delay=\"0s\">\n            <a href=\"https:\/\/cuciroma.com\/wp-content\/uploads\/2010\/01\/logobrother.jpg\" class=\"figure-image magnific image-all\" data-links=\"\" target=\"_self\">\n    \n    <img decoding=\"async\" src=\"https:\/\/cuciroma.com\/wp-content\/uploads\/2010\/01\/logobrother-150x150.jpg\"   class=\"normalwidth\" \/>    \n            <\/a>\n    \n<\/div><\/div><div class=\"col-md-6     text-default small-screen-default\"  ><div class=\"figure  element-no-top element-no-bottom image-filter-none image-filter-onhover fade-in text-center figcaption-middle normalwidth\" data-os-animation=\"none\" data-os-animation-delay=\"0s\">\n            <a href=\"https:\/\/cuciroma.com\/wp-content\/uploads\/2010\/01\/logojanome.jpg\" class=\"figure-image magnific image-all\" data-links=\"\" target=\"_self\">\n    \n    <img decoding=\"async\" src=\"https:\/\/cuciroma.com\/wp-content\/uploads\/2010\/01\/logojanome-150x150.jpg\"   class=\"normalwidth\" \/>    \n            <\/a>\n    \n<\/div><\/div><\/div>[vc_empty_space height=&#8221;32px&#8221;]<\/div>        <\/div>\n    <\/div>\n<\/section>\n\n","protected":false},"excerpt":{"rendered":"","protected":false},"author":4,"featured_media":0,"parent":0,"menu_order":0,"comment_status":"closed","ping_status":"open","template":"","meta":{"footnotes":""},"class_list":["post-5930","page","type-page","status-publish","hentry"],"yoast_head":"<!-- This site is optimized with the Yoast SEO plugin v27.2 - https:\/\/yoast.com\/product\/yoast-seo-wordpress\/ -->\n<title>Cuciroma | Rivenditore Macchine da Cucire Online<\/title>\n<meta name=\"description\" content=\"Cuciroma rivenditore macchine da cucire online. Battistella, Brother, Elna, Husqvarna Viking, Janome, Juki, Necchi, Pfaff, Singer. Taglicuci e per ricamo.\" \/>\n<meta name=\"robots\" content=\"index, follow, max-snippet:-1, max-image-preview:large, max-video-preview:-1\" \/>\n<link rel=\"canonical\" href=\"https:\/\/cuciroma.com\/en\/rivenditore-macchine-da-cucire-roma\/\" \/>\n<meta property=\"og:locale\" content=\"en_US\" \/>\n<meta property=\"og:type\" content=\"article\" \/>\n<meta property=\"og:title\" content=\"Cuciroma | Rivenditore Macchine da Cucire Online\" \/>\n<meta property=\"og:description\" content=\"Cuciroma rivenditore macchine da cucire online. Battistella, Brother, Elna, Husqvarna Viking, Janome, Juki, Necchi, Pfaff, Singer. Taglicuci e per ricamo.\" \/>\n<meta property=\"og:url\" content=\"https:\/\/cuciroma.com\/en\/rivenditore-macchine-da-cucire-roma\/\" \/>\n<meta property=\"og:site_name\" content=\"Cuciroma | Macchine da cucire e accessori per il ricamo\" \/>\n<meta property=\"article:publisher\" content=\"https:\/\/www.facebook.com\/cuciroma\/\" \/>\n<meta property=\"article:modified_time\" content=\"2024-07-27T14:54:20+00:00\" \/>\n<meta name=\"twitter:card\" content=\"summary_large_image\" \/>\n<meta name=\"twitter:label1\" content=\"Est. reading time\" \/>\n\t<meta name=\"twitter:data1\" content=\"5 minutes\" \/>\n<script type=\"application\/ld+json\" class=\"yoast-schema-graph\">{\"@context\":\"https:\/\/schema.org\",\"@graph\":[{\"@type\":\"WebPage\",\"@id\":\"https:\/\/cuciroma.com\/en\/rivenditore-macchine-da-cucire-roma\/\",\"url\":\"https:\/\/cuciroma.com\/en\/rivenditore-macchine-da-cucire-roma\/\",\"name\":\"Cuciroma | Rivenditore Macchine da Cucire Online\",\"isPartOf\":{\"@id\":\"https:\/\/cuciroma.com\/#website\"},\"datePublished\":\"2010-01-08T09:03:15+00:00\",\"dateModified\":\"2024-07-27T14:54:20+00:00\",\"description\":\"Cuciroma rivenditore macchine da cucire online. Battistella, Brother, Elna, Husqvarna Viking, Janome, Juki, Necchi, Pfaff, Singer. Taglicuci e per ricamo.\",\"inLanguage\":\"en-US\",\"potentialAction\":[{\"@type\":\"ReadAction\",\"target\":[\"https:\/\/cuciroma.com\/en\/rivenditore-macchine-da-cucire-roma\/\"]}]},{\"@type\":\"WebSite\",\"@id\":\"https:\/\/cuciroma.com\/#website\",\"url\":\"https:\/\/cuciroma.com\/\",\"name\":\"Cuciroma | Macchine da cucire e accessori per il ricamo\",\"description\":\"Rivenditore e Assistenza autorizzata Macchine da Cucire Professionali\",\"publisher\":{\"@id\":\"https:\/\/cuciroma.com\/#organization\"},\"potentialAction\":[{\"@type\":\"SearchAction\",\"target\":{\"@type\":\"EntryPoint\",\"urlTemplate\":\"https:\/\/cuciroma.com\/?s={search_term_string}\"},\"query-input\":{\"@type\":\"PropertyValueSpecification\",\"valueRequired\":true,\"valueName\":\"search_term_string\"}}],\"inLanguage\":\"en-US\"},{\"@type\":\"Organization\",\"@id\":\"https:\/\/cuciroma.com\/#organization\",\"name\":\"Cuciroma\",\"url\":\"https:\/\/cuciroma.com\/\",\"logo\":{\"@type\":\"ImageObject\",\"inLanguage\":\"en-US\",\"@id\":\"https:\/\/cuciroma.com\/#\/schema\/logo\/image\/\",\"url\":\"https:\/\/cuciroma.com\/wp-content\/uploads\/2020\/07\/logo-cuciroma.png\",\"contentUrl\":\"https:\/\/cuciroma.com\/wp-content\/uploads\/2020\/07\/logo-cuciroma.png\",\"width\":565,\"height\":159,\"caption\":\"Cuciroma\"},\"image\":{\"@id\":\"https:\/\/cuciroma.com\/#\/schema\/logo\/image\/\"},\"sameAs\":[\"https:\/\/www.facebook.com\/cuciroma\/\",\"https:\/\/www.instagram.com\/cuciroma\/\"]}]}<\/script>\n<!-- \/ Yoast SEO plugin. -->","yoast_head_json":{"title":"Cuciroma | Rivenditore Macchine da Cucire Online","description":"Cuciroma rivenditore macchine da cucire online. Battistella, Brother, Elna, Husqvarna Viking, Janome, Juki, Necchi, Pfaff, Singer. Taglicuci e per ricamo.","robots":{"index":"index","follow":"follow","max-snippet":"max-snippet:-1","max-image-preview":"max-image-preview:large","max-video-preview":"max-video-preview:-1"},"canonical":"https:\/\/cuciroma.com\/en\/rivenditore-macchine-da-cucire-roma\/","og_locale":"en_US","og_type":"article","og_title":"Cuciroma | Rivenditore Macchine da Cucire Online","og_description":"Cuciroma rivenditore macchine da cucire online. Battistella, Brother, Elna, Husqvarna Viking, Janome, Juki, Necchi, Pfaff, Singer. Taglicuci e per ricamo.","og_url":"https:\/\/cuciroma.com\/en\/rivenditore-macchine-da-cucire-roma\/","og_site_name":"Cuciroma | Macchine da cucire e accessori per il ricamo","article_publisher":"https:\/\/www.facebook.com\/cuciroma\/","article_modified_time":"2024-07-27T14:54:20+00:00","twitter_card":"summary_large_image","twitter_misc":{"Est. reading time":"5 minutes"},"schema":{"@context":"https:\/\/schema.org","@graph":[{"@type":"WebPage","@id":"https:\/\/cuciroma.com\/en\/rivenditore-macchine-da-cucire-roma\/","url":"https:\/\/cuciroma.com\/en\/rivenditore-macchine-da-cucire-roma\/","name":"Cuciroma | Rivenditore Macchine da Cucire Online","isPartOf":{"@id":"https:\/\/cuciroma.com\/#website"},"datePublished":"2010-01-08T09:03:15+00:00","dateModified":"2024-07-27T14:54:20+00:00","description":"Cuciroma rivenditore macchine da cucire online. Battistella, Brother, Elna, Husqvarna Viking, Janome, Juki, Necchi, Pfaff, Singer. Taglicuci e per ricamo.","inLanguage":"en-US","potentialAction":[{"@type":"ReadAction","target":["https:\/\/cuciroma.com\/en\/rivenditore-macchine-da-cucire-roma\/"]}]},{"@type":"WebSite","@id":"https:\/\/cuciroma.com\/#website","url":"https:\/\/cuciroma.com\/","name":"Cuciroma | Macchine da cucire e accessori per il ricamo","description":"Rivenditore e Assistenza autorizzata Macchine da Cucire Professionali","publisher":{"@id":"https:\/\/cuciroma.com\/#organization"},"potentialAction":[{"@type":"SearchAction","target":{"@type":"EntryPoint","urlTemplate":"https:\/\/cuciroma.com\/?s={search_term_string}"},"query-input":{"@type":"PropertyValueSpecification","valueRequired":true,"valueName":"search_term_string"}}],"inLanguage":"en-US"},{"@type":"Organization","@id":"https:\/\/cuciroma.com\/#organization","name":"Cuciroma","url":"https:\/\/cuciroma.com\/","logo":{"@type":"ImageObject","inLanguage":"en-US","@id":"https:\/\/cuciroma.com\/#\/schema\/logo\/image\/","url":"https:\/\/cuciroma.com\/wp-content\/uploads\/2020\/07\/logo-cuciroma.png","contentUrl":"https:\/\/cuciroma.com\/wp-content\/uploads\/2020\/07\/logo-cuciroma.png","width":565,"height":159,"caption":"Cuciroma"},"image":{"@id":"https:\/\/cuciroma.com\/#\/schema\/logo\/image\/"},"sameAs":["https:\/\/www.facebook.com\/cuciroma\/","https:\/\/www.instagram.com\/cuciroma\/"]}]}},"_links":{"self":[{"href":"https:\/\/cuciroma.com\/en\/wp-json\/wp\/v2\/pages\/5930","targetHints":{"allow":["GET"]}}],"collection":[{"href":"https:\/\/cuciroma.com\/en\/wp-json\/wp\/v2\/pages"}],"about":[{"href":"https:\/\/cuciroma.com\/en\/wp-json\/wp\/v2\/types\/page"}],"author":[{"embeddable":true,"href":"https:\/\/cuciroma.com\/en\/wp-json\/wp\/v2\/users\/4"}],"replies":[{"embeddable":true,"href":"https:\/\/cuciroma.com\/en\/wp-json\/wp\/v2\/comments?post=5930"}],"version-history":[{"count":1,"href":"https:\/\/cuciroma.com\/en\/wp-json\/wp\/v2\/pages\/5930\/revisions"}],"predecessor-version":[{"id":38696,"href":"https:\/\/cuciroma.com\/en\/wp-json\/wp\/v2\/pages\/5930\/revisions\/38696"}],"wp:attachment":[{"href":"https:\/\/cuciroma.com\/en\/wp-json\/wp\/v2\/media?parent=5930"}],"curies":[{"name":"wp","href":"https:\/\/api.w.org\/{rel}","templated":true}]}}