{"id":5920,"date":"2015-01-13T12:39:04","date_gmt":"2015-01-13T11:39:04","guid":{"rendered":"https:\/\/cuciroma.com\/spedizioni-2\/"},"modified":"2020-11-25T14:15:00","modified_gmt":"2020-11-25T13:15:00","slug":"spedizioni","status":"publish","type":"page","link":"https:\/\/cuciroma.com\/en\/spedizioni\/","title":{"rendered":"SPEDIZIONI"},"content":{"rendered":"<section class=\"section swatch-white  section-text-no-shadow section-inner-no-shadow section-normal section-opaque\"  data-label=\"\">\n    \n    <div class=\"background-overlay grid-overlay-0 \" style=\"background-color: rgba(0,0,0,0);\"><\/div>\n\n    <div class=\"container\">\n        <div class=\"row vertical-top\">\n            <div class=\"col-md-10     text-default small-screen-default\"  style=\"background:rgba(255,255,255,0.48);\"><div class=\" element-short-top element-short-bottom\" data-os-animation=\"none\" data-os-animation-delay=\"0s\">\n    <p style=\"text-align: justify;\">Le nostre spedizioni sono effettuate tramite corriere Bartolini\/Poste Italiane.<\/p>\n<p style=\"text-align: justify;\">Per importi superiori ad\u00a0<strong>\u20ac 50,00 la spedizione sar\u00e0\u00a0<\/strong><strong>gratuita in tutta Italia, isole comprese.<\/strong><\/p>\n<p style=\"text-align: justify;\"><strong>Il costo di spedizione \u00e8 di \u20ac 8,00<\/strong>,la merce verr\u00e0 spedita entro i 2\/3 giorni lavorativi.<\/p>\n<p style=\"text-align: justify;\">Al momento della consegna della merce il cliente \u00e8 tenuto a controllare:<\/p>\n<ol>\n<li style=\"text-align: justify;\"><strong>Che il numero dei colli consegnati corrispondano a quanto indicato nel documento di trasporto.<\/strong><\/li>\n<li style=\"text-align: justify;\"><strong>Che l&#8217;imballo risulti integro e non alterato anche nei nastri di chiusura.<\/strong><\/li>\n<\/ol>\n<p style=\"text-align: justify;\">In caso di manomissioni e\/o rotture il cliente dovr\u00e0 immediatamente contestare la spedizione e\/o la consegna apponendo la scritta \u201c<strong>RISERVA DI CONTROLLO MERCE<\/strong>\u201d sul documento di consegna ricevuto dal corriere o da altro operatore<strong> Specificando il motivo della riserva &#8220;Se il pacco \u00e8 rotto,oppure pacco non integro&#8221; altrimenti una volta firmato il documento non si potr\u00e0 pi\u00f9 contestare l&#8217;aspetto esteriore della merce.<\/strong><\/p>\n<p style=\"text-align: justify;\">Il cliente successivamente dovr\u00e0 segnalare eventuali danni entro 7 (sette) giorni dal ricevimento della merce secondo le modalit\u00e0 previste dall\u2019operatore scelto per la spedizione e\/o consegna e\/o dall&#8217; operatore. Nel caso in cui il cliente non ritiri entro 5 (cinque) giorni lavorativi i beni ordinati e presenti in giacenza presso i magazzini del corriere e\/o della ditta Maco di Grassitelli Fabrizio a causa della reiterata impossibilit\u00e0 di consegna al recapito indicato dal cliente al momento dell\u2019ordine, lo stesso ordine verr\u00e0 annullato e verranno addebitate le spese di custodia.<\/p>\n<\/div><div class=\" element-short-top element-short-bottom\" data-os-animation=\"none\" data-os-animation-delay=\"0s\">\n    <p style=\"text-align: justify;\"><strong>Verifica stato spedizioni<\/strong><\/p>\n<p style=\"text-align: justify;\">Per ogni spedizione riceverete una mail con il link che vi mostra lo stato preciso della vostra merce.<\/p>\n<p style=\"text-align: justify;\"><strong>Consegne e eventuali reclami<\/strong><\/p>\n<p style=\"text-align: justify;\">La Maco di Grassitelli Fabrizio effettua la consegna dei prodotti direttamente nell&#8217;indirizzo indicato dal cliente entro 30 giorni dalla data di attivazione del contratto.Le consegne generalmente vengono effettuate entro i 2\/3 giorni lavorativi.<\/p>\n<\/div><\/div><div class=\"col-md-2    traccia text-center small-screen-default\"  style=\"background:rgba(255,255,255,0.48);\"><div class=\" element-short-top element-short-bottom\" data-os-animation=\"none\" data-os-animation-delay=\"0s\">\n    <h3><strong>RINTRACCIA LE TUE SPEDIZIONI<\/strong><\/h3>\n<\/div><div class=\"figure  element-no-top element-no-bottom image-filter-grayscale image-filter-onhover fade-in from-top text-center figcaption-middle normalwidth\" data-os-animation=\"none\" data-os-animation-delay=\"0s\">\n            <span class=\"figure-image\">\n    \n    <img decoding=\"async\" src=\"https:\/\/cuciroma.com\/wp-content\/uploads\/2015\/01\/bartolini-300x225.jpg\"  title=\"RINTRACCIA LA TUA SPEDIZIONE\" class=\"normalwidth\" \/>        <div class=\"figure-overlay grid-overlay-0\">\n        <div class=\"figure-overlay-container\">\n                            <div class=\"figure-caption\">\n                    <h3 class=\"figure-caption-title bordered bordered-small\">Rintraccia la tua spedizione<\/h3>\n                    <p class=\"figure-caption-description\">Clicca qui<\/p>\n                <\/div>\n                    <\/div>\n    <\/div>\n    \n            <\/span>\n    \n<\/div><div class=\"figure  element-no-top element-no-bottom image-filter-grayscale image-filter-onhover fade-in from-top text-center figcaption-middle normalwidth\" data-os-animation=\"none\" data-os-animation-delay=\"0s\">\n            <a href=\"http:\/\/www.sda.it\/SITO_SDA-INSIDEX-WEB\/pages\/RICERCA_SPEDIZIONI_O_TRACKING_it\/188\" class=\"figure-image  image-all\" data-links=\"\" target=\"_blank\">\n    \n    <img decoding=\"async\" src=\"https:\/\/cuciroma.com\/wp-content\/uploads\/2015\/01\/SDA-300x225.jpg\"   class=\"normalwidth\" \/>        <div class=\"figure-overlay grid-overlay-0\">\n        <div class=\"figure-overlay-container\">\n                            <div class=\"figure-caption\">\n                    <h3 class=\"figure-caption-title bordered bordered-small\">Rintraccia la tua spedizione<\/h3>\n                    <p class=\"figure-caption-description\">Clicca qui<\/p>\n                <\/div>\n                    <\/div>\n    <\/div>\n    \n            <\/a>\n    \n<\/div><div class=\"figure  element-no-top element-no-bottom image-filter-grayscale image-filter-onhover fade-in from-top text-center figcaption-middle normalwidth\" data-os-animation=\"none\" data-os-animation-delay=\"0s\">\n            <a href=\"https:\/\/www.poste.it\/cerca\/index.html#\/\" class=\"figure-image  image-all\" data-links=\"\" target=\"_blank\">\n    \n    <img decoding=\"async\" src=\"https:\/\/cuciroma.com\/wp-content\/uploads\/2015\/01\/pt.jpg\"   class=\"normalwidth\" \/>        <div class=\"figure-overlay grid-overlay-0\">\n        <div class=\"figure-overlay-container\">\n                            <div class=\"figure-caption\">\n                    <h3 class=\"figure-caption-title bordered bordered-small\">Rintraccia la tua spedizione<\/h3>\n                    <p class=\"figure-caption-description\">Clicca qui<\/p>\n                <\/div>\n                    <\/div>\n    <\/div>\n    \n            <\/a>\n    \n<\/div><div class=\"figure  element-no-top element-normal-bottom image-filter-none image-filter-onhover fade-in text-center figcaption-middle normalwidth\" data-os-animation=\"none\" data-os-animation-delay=\"0s\">\n            <span class=\"figure-image\">\n    \n    <img decoding=\"async\" src=\"https:\/\/cuciroma.com\/wp-content\/uploads\/2015\/02\/SPEDIZIONI_gratuite_1.png\"   class=\"normalwidth\" \/>    \n            <\/span>\n    \n<\/div><\/div>        <\/div>\n    <\/div>\n<\/section>\n\n","protected":false},"excerpt":{"rendered":"","protected":false},"author":7660,"featured_media":0,"parent":0,"menu_order":0,"comment_status":"closed","ping_status":"open","template":"","meta":{"footnotes":""},"class_list":["post-5920","page","type-page","status-publish","hentry"],"yoast_head":"<!-- This site is optimized with the Yoast SEO plugin v27.2 - https:\/\/yoast.com\/product\/yoast-seo-wordpress\/ -->\n<title>SPEDIZIONI - Cuciroma | Macchine da cucire e accessori per il ricamo<\/title>\n<meta name=\"robots\" content=\"index, follow, max-snippet:-1, max-image-preview:large, max-video-preview:-1\" \/>\n<link rel=\"canonical\" href=\"https:\/\/cuciroma.com\/spedizioni\/\" \/>\n<meta property=\"og:locale\" content=\"en_US\" \/>\n<meta property=\"og:type\" content=\"article\" \/>\n<meta property=\"og:title\" content=\"SPEDIZIONI - Cuciroma | Macchine da cucire e accessori per il ricamo\" \/>\n<meta property=\"og:url\" content=\"https:\/\/cuciroma.com\/spedizioni\/\" \/>\n<meta property=\"og:site_name\" content=\"Cuciroma | Macchine da cucire e accessori per il ricamo\" \/>\n<meta property=\"article:publisher\" content=\"https:\/\/www.facebook.com\/cuciroma\/\" \/>\n<meta property=\"article:modified_time\" content=\"2020-11-25T13:15:00+00:00\" \/>\n<meta name=\"twitter:card\" content=\"summary_large_image\" \/>\n<meta name=\"twitter:label1\" content=\"Est. reading time\" \/>\n\t<meta name=\"twitter:data1\" content=\"3 minutes\" \/>\n<script type=\"application\/ld+json\" class=\"yoast-schema-graph\">{\"@context\":\"https:\/\/schema.org\",\"@graph\":[{\"@type\":\"WebPage\",\"@id\":\"https:\/\/cuciroma.com\/spedizioni\/\",\"url\":\"https:\/\/cuciroma.com\/spedizioni\/\",\"name\":\"SPEDIZIONI - Cuciroma | Macchine da cucire e accessori per il ricamo\",\"isPartOf\":{\"@id\":\"https:\/\/cuciroma.com\/#website\"},\"datePublished\":\"2015-01-13T11:39:04+00:00\",\"dateModified\":\"2020-11-25T13:15:00+00:00\",\"inLanguage\":\"en-US\",\"potentialAction\":[{\"@type\":\"ReadAction\",\"target\":[\"https:\/\/cuciroma.com\/spedizioni\/\"]}]},{\"@type\":\"WebSite\",\"@id\":\"https:\/\/cuciroma.com\/#website\",\"url\":\"https:\/\/cuciroma.com\/\",\"name\":\"Cuciroma | Macchine da cucire e accessori per il ricamo\",\"description\":\"Rivenditore e Assistenza autorizzata Macchine da Cucire Professionali\",\"publisher\":{\"@id\":\"https:\/\/cuciroma.com\/#organization\"},\"potentialAction\":[{\"@type\":\"SearchAction\",\"target\":{\"@type\":\"EntryPoint\",\"urlTemplate\":\"https:\/\/cuciroma.com\/?s={search_term_string}\"},\"query-input\":{\"@type\":\"PropertyValueSpecification\",\"valueRequired\":true,\"valueName\":\"search_term_string\"}}],\"inLanguage\":\"en-US\"},{\"@type\":\"Organization\",\"@id\":\"https:\/\/cuciroma.com\/#organization\",\"name\":\"Cuciroma\",\"url\":\"https:\/\/cuciroma.com\/\",\"logo\":{\"@type\":\"ImageObject\",\"inLanguage\":\"en-US\",\"@id\":\"https:\/\/cuciroma.com\/#\/schema\/logo\/image\/\",\"url\":\"https:\/\/cuciroma.com\/wp-content\/uploads\/2020\/07\/logo-cuciroma.png\",\"contentUrl\":\"https:\/\/cuciroma.com\/wp-content\/uploads\/2020\/07\/logo-cuciroma.png\",\"width\":565,\"height\":159,\"caption\":\"Cuciroma\"},\"image\":{\"@id\":\"https:\/\/cuciroma.com\/#\/schema\/logo\/image\/\"},\"sameAs\":[\"https:\/\/www.facebook.com\/cuciroma\/\",\"https:\/\/www.instagram.com\/cuciroma\/\"]}]}<\/script>\n<!-- \/ Yoast SEO plugin. -->","yoast_head_json":{"title":"SPEDIZIONI - Cuciroma | Macchine da cucire e accessori per il ricamo","robots":{"index":"index","follow":"follow","max-snippet":"max-snippet:-1","max-image-preview":"max-image-preview:large","max-video-preview":"max-video-preview:-1"},"canonical":"https:\/\/cuciroma.com\/spedizioni\/","og_locale":"en_US","og_type":"article","og_title":"SPEDIZIONI - Cuciroma | Macchine da cucire e accessori per il ricamo","og_url":"https:\/\/cuciroma.com\/spedizioni\/","og_site_name":"Cuciroma | Macchine da cucire e accessori per il ricamo","article_publisher":"https:\/\/www.facebook.com\/cuciroma\/","article_modified_time":"2020-11-25T13:15:00+00:00","twitter_card":"summary_large_image","twitter_misc":{"Est. reading time":"3 minutes"},"schema":{"@context":"https:\/\/schema.org","@graph":[{"@type":"WebPage","@id":"https:\/\/cuciroma.com\/spedizioni\/","url":"https:\/\/cuciroma.com\/spedizioni\/","name":"SPEDIZIONI - Cuciroma | Macchine da cucire e accessori per il ricamo","isPartOf":{"@id":"https:\/\/cuciroma.com\/#website"},"datePublished":"2015-01-13T11:39:04+00:00","dateModified":"2020-11-25T13:15:00+00:00","inLanguage":"en-US","potentialAction":[{"@type":"ReadAction","target":["https:\/\/cuciroma.com\/spedizioni\/"]}]},{"@type":"WebSite","@id":"https:\/\/cuciroma.com\/#website","url":"https:\/\/cuciroma.com\/","name":"Cuciroma | Macchine da cucire e accessori per il ricamo","description":"Rivenditore e Assistenza autorizzata Macchine da Cucire Professionali","publisher":{"@id":"https:\/\/cuciroma.com\/#organization"},"potentialAction":[{"@type":"SearchAction","target":{"@type":"EntryPoint","urlTemplate":"https:\/\/cuciroma.com\/?s={search_term_string}"},"query-input":{"@type":"PropertyValueSpecification","valueRequired":true,"valueName":"search_term_string"}}],"inLanguage":"en-US"},{"@type":"Organization","@id":"https:\/\/cuciroma.com\/#organization","name":"Cuciroma","url":"https:\/\/cuciroma.com\/","logo":{"@type":"ImageObject","inLanguage":"en-US","@id":"https:\/\/cuciroma.com\/#\/schema\/logo\/image\/","url":"https:\/\/cuciroma.com\/wp-content\/uploads\/2020\/07\/logo-cuciroma.png","contentUrl":"https:\/\/cuciroma.com\/wp-content\/uploads\/2020\/07\/logo-cuciroma.png","width":565,"height":159,"caption":"Cuciroma"},"image":{"@id":"https:\/\/cuciroma.com\/#\/schema\/logo\/image\/"},"sameAs":["https:\/\/www.facebook.com\/cuciroma\/","https:\/\/www.instagram.com\/cuciroma\/"]}]}},"_links":{"self":[{"href":"https:\/\/cuciroma.com\/en\/wp-json\/wp\/v2\/pages\/5920","targetHints":{"allow":["GET"]}}],"collection":[{"href":"https:\/\/cuciroma.com\/en\/wp-json\/wp\/v2\/pages"}],"about":[{"href":"https:\/\/cuciroma.com\/en\/wp-json\/wp\/v2\/types\/page"}],"author":[{"embeddable":true,"href":"https:\/\/cuciroma.com\/en\/wp-json\/wp\/v2\/users\/7660"}],"replies":[{"embeddable":true,"href":"https:\/\/cuciroma.com\/en\/wp-json\/wp\/v2\/comments?post=5920"}],"version-history":[{"count":2,"href":"https:\/\/cuciroma.com\/en\/wp-json\/wp\/v2\/pages\/5920\/revisions"}],"predecessor-version":[{"id":31133,"href":"https:\/\/cuciroma.com\/en\/wp-json\/wp\/v2\/pages\/5920\/revisions\/31133"}],"wp:attachment":[{"href":"https:\/\/cuciroma.com\/en\/wp-json\/wp\/v2\/media?parent=5920"}],"curies":[{"name":"wp","href":"https:\/\/api.w.org\/{rel}","templated":true}]}}