{"id":5917,"date":"2015-03-13T12:55:25","date_gmt":"2015-03-13T11:55:25","guid":{"rendered":"https:\/\/cuciroma.com\/diritto-di-recesso-2\/"},"modified":"2015-10-14T15:59:37","modified_gmt":"2015-10-14T13:59:37","slug":"diritto-di-recesso","status":"publish","type":"page","link":"https:\/\/cuciroma.com\/en\/diritto-di-recesso\/","title":{"rendered":"RIGHT OF WITHDRAWAL"},"content":{"rendered":"<section class=\"section swatch-white  section-text-no-shadow section-inner-no-shadow section-normal section-opaque\"  data-label=\"\">\n    \n    <div class=\"background-overlay grid-overlay-0 \" style=\"background-color: rgba(0,0,0,0);\"><\/div>\n\n    <div class=\"container\">\n        <div class=\"row vertical-top\">\n            <div class=\"col-md-12     text-default small-screen-default\"  style=\"background:rgba(255,255,255,0.48);\"><div class=\" element-short-top element-short-bottom\" data-os-animation=\"none\" data-os-animation-delay=\"0s\">\n    <p><span id=\"result_box\" class=\"\" lang=\"en\"><span title=\"Con il riferimento al DL 206 del 2005 il diritto di recesso \u00e8 regolato ai sensi di legge se il cliente-consumatore (ossia una persona fisica che acquista la merce per scopi non riferibili alla propria attivit\u00e0 professionale, ovvero non effettua l'acquisto indicando nel modulo\">With reference to Decree 206 of 2005, the right shall be regulated by law if the customer-consumer (ie a person who buys goods for purposes not related to his professional activity, or does the purchase by indicating in the form <\/span><span title=\"d'ordine un riferimento di partita iva) ha diritto di recedere dal contratto di acquisto per qualsiasi motivo entro i 14 giorni lavorativi dal ricevimento dei prodotti. \">Order a VAT number) has the right to terminate the purchase contract for any reason within 14 days of receipt of goods.<\/span><\/span><\/p>\n<p><span title=\"Per esercitare tale diritto il cliente dovr\u00e0 inviare alla ditta Maco di Grassitelli Fabrizio una comunicazione entro 14 giorni lavorativi dalla data di consegna della merce. \">To exercise this right, the customer must send the company Maco of Grassitelli Fabrizio notice within 14 working days from the date of delivery of the goods.<\/span><\/p>\n<p><span title=\"Tale comunicazione dovr\u00e0 essere inviata a mezzo e-mail a info@cuciroma.com con richiesta di conferma di ricezione oppure con Raccomandata RR\">Such notice shall be sent by e-mail to info@cuciroma.com requesting confirmation of receipt or by registered RR <\/span><span title=\"indirizzata a: Maco di Grassitelli Fabrizio Via Tiburtina,367 00159 Roma. \">addressed to: Maco of Grassitelli Fabrizio Via Tiburtina, 367 00159 Rome.<\/span><\/p>\n<p><span title=\"Le spese di restituzione della merce sono a carico del cliente,e dovr\u00e0 avvenire non oltre il 30 giorno della data d'arrivo della merce. \">The cost of returning the goods are borne by the customer, and must take place no later than 30 days of the date of arrival of the goods.<\/span><\/p>\n<p><span title=\"La Maco di Grassitelli Fabrizio restituir\u00e0 entro 14 giorni di calendario dalla data di ricevimento della merce l'intero prezzo pagato dal cliente,il prodotto dovr\u00e0 essere completo in tutte le sue parti e funzionalit\u00e0 con imballaggio originale,la merce una volta rientrata nel nostro magazzino sar\u00e0\">Maco of Grassitelli Fabrizio will return within 14 calendar days from the date of receipt of the goods the full price paid by the customer, the product must be complete in all its parts and functions with original packing, the goods once back in our warehouse will be <\/span><span title=\"accuratamente controllata per valutare eventuali danni o manomissioni non derivanti dal trasporto.\">carefully monitored to assess any damages not caused by transport. <\/span><span title=\"Qualora esaminando il prodotto risultasse con una diminuzione del valore del bene creato da un uso non appropriato da parte del cliente,oppure creata da diversa natura, le sue caratteristiche ed il suo funzionamento,le verranno addebitate (oppure trattenute nel caso di rimborso ancora non effettuato\">If your product is examining with a decrease in the value of the asset created by improper use by the customer or created by different nature, its characteristics and its operation, you will be charged (or retained in the case of incurred but not yet carried out <\/span><span title=\")il corrispondente importo. \u00a0\u00a0\u00a0\u00a0\">) the corresponding amount.<\/span><\/p>\n<p><span title=\"la merce dovr\u00e0 essere restituita integra e funzionante, non usata oltre i limiti di quanto necessario a stabilirne la natura, le caratteristiche ed il funzionamento, completa di tutte le sue parti e dotazioni accessorie (es. cavi, ecc...); \u00a0\u00a0\u00a0\u00a0\">the goods must be returned intact and functioning, not used beyond the limits of what is necessary to establish the nature, characteristics and functioning, complete with all its parts and accessory equipment (eg. cables, etc &#8230;);<br \/>\n<\/span><span title=\"il diritto si applica solamente al prodotto acquistato nella sua integrit\u00e0;\">The law applies only to product purchased in its entirety; <\/span><span title=\"pertanto non \u00e8 possibile esercitare recesso solamente su parte del prodotto acquistato (es.: accessori, software allegati, etc...) \u00a0\u00a0\u00a0\u00a0\">therefore it can be exercised only on the withdrawal of the product (ex .: accessories, software, attachments, etc. &#8230;)<br \/>\n<\/span><span title=\"nel caso delle vendite\/offerte promozionali che prevedono, per l'accesso alla promozione\/offerta un acquisto di prodotti in abbinata, il diritto di recesso \u00e8 applicabile soltanto restituendo tutti i beni dell'acquisto in abbinata. \u00a0\u00a0\u00a0\u00a0\">in the case of sales \/ promotional offers that provide for access to promotion \/ offer a purchase of products combined, the right of withdrawal is applicable only returning all goods purchased in combination.<\/span><\/p>\n<p><span id=\"result_box\" class=\"\" lang=\"en\"><span title=\"nel caso delle vendite\/offerte promozionali che prevedono, per l'accesso alla promozione\/offerta un acquisto di prodotti in abbinata, il diritto di recesso \u00e8 applicabile soltanto restituendo tutti i beni dell'acquisto in abbinata. \u00a0\u00a0\u00a0\u00a0\"><br \/>\n<\/span><span title=\"La merce dovr\u00e0 essere restituita alla: \">The goods must be returned to:<\/span><\/span><\/p>\n<p><span title=\"Maco di Grassitelli Fabrizio \">Maco of Grassitelli Fabrizio<\/span><\/p>\n<p><span title=\"Via Tiburtina,367 \">Via Tiburtina, 367<\/span><\/p>\n<p><span title=\"00159 Roma \">00159 Rome<\/span><\/p>\n<p><span title=\"Nel caso di decadenza del diritto di recesso, Cuciroma provveder\u00e0 a restituire al mittente il bene acquistato.\">In case of forfeiture of the right of withdrawal, Cuciroma will return to sender the property purchased.<\/span><\/p>\n<\/div><\/div>        <\/div>\n    <\/div>\n<\/section>\n\n","protected":false},"excerpt":{"rendered":"","protected":false},"author":7660,"featured_media":0,"parent":0,"menu_order":0,"comment_status":"closed","ping_status":"open","template":"","meta":{"footnotes":""},"class_list":["post-5917","page","type-page","status-publish","hentry"],"yoast_head":"<!-- This site is optimized with the Yoast SEO plugin v27.2 - https:\/\/yoast.com\/product\/yoast-seo-wordpress\/ -->\n<title>RIGHT OF WITHDRAWAL - Cuciroma | Macchine da cucire e accessori per il ricamo<\/title>\n<meta name=\"robots\" content=\"index, follow, max-snippet:-1, max-image-preview:large, max-video-preview:-1\" \/>\n<link rel=\"canonical\" href=\"https:\/\/cuciroma.com\/diritto-di-recesso\/\" \/>\n<meta property=\"og:locale\" content=\"en_US\" \/>\n<meta property=\"og:type\" content=\"article\" \/>\n<meta property=\"og:title\" content=\"RIGHT OF WITHDRAWAL - Cuciroma | Macchine da cucire e accessori per il ricamo\" \/>\n<meta property=\"og:url\" content=\"https:\/\/cuciroma.com\/diritto-di-recesso\/\" \/>\n<meta property=\"og:site_name\" content=\"Cuciroma | Macchine da cucire e accessori per il ricamo\" \/>\n<meta property=\"article:publisher\" content=\"https:\/\/www.facebook.com\/cuciroma\/\" \/>\n<meta property=\"article:modified_time\" content=\"2015-10-14T13:59:37+00:00\" \/>\n<meta name=\"twitter:card\" content=\"summary_large_image\" \/>\n<meta name=\"twitter:label1\" content=\"Est. reading time\" \/>\n\t<meta name=\"twitter:data1\" content=\"2 minutes\" \/>\n<script type=\"application\/ld+json\" class=\"yoast-schema-graph\">{\"@context\":\"https:\/\/schema.org\",\"@graph\":[{\"@type\":\"WebPage\",\"@id\":\"https:\/\/cuciroma.com\/diritto-di-recesso\/\",\"url\":\"https:\/\/cuciroma.com\/diritto-di-recesso\/\",\"name\":\"RIGHT OF WITHDRAWAL - Cuciroma | Macchine da cucire e accessori per il ricamo\",\"isPartOf\":{\"@id\":\"https:\/\/cuciroma.com\/#website\"},\"datePublished\":\"2015-03-13T11:55:25+00:00\",\"dateModified\":\"2015-10-14T13:59:37+00:00\",\"inLanguage\":\"en-US\",\"potentialAction\":[{\"@type\":\"ReadAction\",\"target\":[\"https:\/\/cuciroma.com\/diritto-di-recesso\/\"]}]},{\"@type\":\"WebSite\",\"@id\":\"https:\/\/cuciroma.com\/#website\",\"url\":\"https:\/\/cuciroma.com\/\",\"name\":\"Cuciroma | Macchine da cucire e accessori per il ricamo\",\"description\":\"Rivenditore e Assistenza autorizzata Macchine da Cucire Professionali\",\"publisher\":{\"@id\":\"https:\/\/cuciroma.com\/#organization\"},\"potentialAction\":[{\"@type\":\"SearchAction\",\"target\":{\"@type\":\"EntryPoint\",\"urlTemplate\":\"https:\/\/cuciroma.com\/?s={search_term_string}\"},\"query-input\":{\"@type\":\"PropertyValueSpecification\",\"valueRequired\":true,\"valueName\":\"search_term_string\"}}],\"inLanguage\":\"en-US\"},{\"@type\":\"Organization\",\"@id\":\"https:\/\/cuciroma.com\/#organization\",\"name\":\"Cuciroma\",\"url\":\"https:\/\/cuciroma.com\/\",\"logo\":{\"@type\":\"ImageObject\",\"inLanguage\":\"en-US\",\"@id\":\"https:\/\/cuciroma.com\/#\/schema\/logo\/image\/\",\"url\":\"https:\/\/cuciroma.com\/wp-content\/uploads\/2020\/07\/logo-cuciroma.png\",\"contentUrl\":\"https:\/\/cuciroma.com\/wp-content\/uploads\/2020\/07\/logo-cuciroma.png\",\"width\":565,\"height\":159,\"caption\":\"Cuciroma\"},\"image\":{\"@id\":\"https:\/\/cuciroma.com\/#\/schema\/logo\/image\/\"},\"sameAs\":[\"https:\/\/www.facebook.com\/cuciroma\/\",\"https:\/\/www.instagram.com\/cuciroma\/\"]}]}<\/script>\n<!-- \/ Yoast SEO plugin. -->","yoast_head_json":{"title":"RIGHT OF WITHDRAWAL - Cuciroma | Macchine da cucire e accessori per il ricamo","robots":{"index":"index","follow":"follow","max-snippet":"max-snippet:-1","max-image-preview":"max-image-preview:large","max-video-preview":"max-video-preview:-1"},"canonical":"https:\/\/cuciroma.com\/diritto-di-recesso\/","og_locale":"en_US","og_type":"article","og_title":"RIGHT OF WITHDRAWAL - Cuciroma | Macchine da cucire e accessori per il ricamo","og_url":"https:\/\/cuciroma.com\/diritto-di-recesso\/","og_site_name":"Cuciroma | Macchine da cucire e accessori per il ricamo","article_publisher":"https:\/\/www.facebook.com\/cuciroma\/","article_modified_time":"2015-10-14T13:59:37+00:00","twitter_card":"summary_large_image","twitter_misc":{"Est. reading time":"2 minutes"},"schema":{"@context":"https:\/\/schema.org","@graph":[{"@type":"WebPage","@id":"https:\/\/cuciroma.com\/diritto-di-recesso\/","url":"https:\/\/cuciroma.com\/diritto-di-recesso\/","name":"RIGHT OF WITHDRAWAL - Cuciroma | Macchine da cucire e accessori per il ricamo","isPartOf":{"@id":"https:\/\/cuciroma.com\/#website"},"datePublished":"2015-03-13T11:55:25+00:00","dateModified":"2015-10-14T13:59:37+00:00","inLanguage":"en-US","potentialAction":[{"@type":"ReadAction","target":["https:\/\/cuciroma.com\/diritto-di-recesso\/"]}]},{"@type":"WebSite","@id":"https:\/\/cuciroma.com\/#website","url":"https:\/\/cuciroma.com\/","name":"Cuciroma | Macchine da cucire e accessori per il ricamo","description":"Rivenditore e Assistenza autorizzata Macchine da Cucire Professionali","publisher":{"@id":"https:\/\/cuciroma.com\/#organization"},"potentialAction":[{"@type":"SearchAction","target":{"@type":"EntryPoint","urlTemplate":"https:\/\/cuciroma.com\/?s={search_term_string}"},"query-input":{"@type":"PropertyValueSpecification","valueRequired":true,"valueName":"search_term_string"}}],"inLanguage":"en-US"},{"@type":"Organization","@id":"https:\/\/cuciroma.com\/#organization","name":"Cuciroma","url":"https:\/\/cuciroma.com\/","logo":{"@type":"ImageObject","inLanguage":"en-US","@id":"https:\/\/cuciroma.com\/#\/schema\/logo\/image\/","url":"https:\/\/cuciroma.com\/wp-content\/uploads\/2020\/07\/logo-cuciroma.png","contentUrl":"https:\/\/cuciroma.com\/wp-content\/uploads\/2020\/07\/logo-cuciroma.png","width":565,"height":159,"caption":"Cuciroma"},"image":{"@id":"https:\/\/cuciroma.com\/#\/schema\/logo\/image\/"},"sameAs":["https:\/\/www.facebook.com\/cuciroma\/","https:\/\/www.instagram.com\/cuciroma\/"]}]}},"_links":{"self":[{"href":"https:\/\/cuciroma.com\/en\/wp-json\/wp\/v2\/pages\/5917","targetHints":{"allow":["GET"]}}],"collection":[{"href":"https:\/\/cuciroma.com\/en\/wp-json\/wp\/v2\/pages"}],"about":[{"href":"https:\/\/cuciroma.com\/en\/wp-json\/wp\/v2\/types\/page"}],"author":[{"embeddable":true,"href":"https:\/\/cuciroma.com\/en\/wp-json\/wp\/v2\/users\/7660"}],"replies":[{"embeddable":true,"href":"https:\/\/cuciroma.com\/en\/wp-json\/wp\/v2\/comments?post=5917"}],"version-history":[{"count":0,"href":"https:\/\/cuciroma.com\/en\/wp-json\/wp\/v2\/pages\/5917\/revisions"}],"wp:attachment":[{"href":"https:\/\/cuciroma.com\/en\/wp-json\/wp\/v2\/media?parent=5917"}],"curies":[{"name":"wp","href":"https:\/\/api.w.org\/{rel}","templated":true}]}}